{"id":784,"date":"2021-01-06T16:44:15","date_gmt":"2021-01-06T16:44:15","guid":{"rendered":"https:\/\/spnkd.com\/lofts\/london\/"},"modified":"2021-06-24T13:41:30","modified_gmt":"2021-06-24T13:41:30","slug":"london","status":"publish","type":"page","link":"https:\/\/spnkd.com\/fr\/lofts\/london\/","title":{"rendered":"autres Lofts"},"content":{"rendered":"\n<h1 class=\"wp-block-heading\"><strong>Envie de SPNKD dans votre ville ? &nbsp;<\/strong><\/h1>\n\n\n\n<p>O\u00f9 SPNKD devrait-il ouvrir la prochaine fois ? Peut-\u00eatre connaissez-vous l&#8217;endroit id\u00e9al ou \u00eates-vous int\u00e9ress\u00e9 par un partenariat avec nous pour notre prochain Loft ?&nbsp;<\/p>\n\n\n\n<p>Dans les affaires comme dans le plaisir, nous sommes ouverts aux id\u00e9es, aux possibilit\u00e9s et au d\u00e9licieux frisson de commencer quelque chose de nouveau.&nbsp;<\/p>\n\n\n\n<p>Nous sommes \u00e0 votre \u00e9coute. Donnez-nous plus de d\u00e9tails.<\/p>\n\n\n\n<p><a data-type=\"page\" data-id=\"20\" href=\"https:\/\/spnkd.com\/fr\/contact\/\">Contactez-nous<\/a><\/p>\n","protected":false},"excerpt":{"rendered":"<p>Envie de SPNKD dans votre ville ? &nbsp; O\u00f9 SPNKD devrait-il ouvrir la prochaine fois ? Peut-\u00eatre connaissez-vous l&#8217;endroit id\u00e9al ou \u00eates-vous int\u00e9ress\u00e9 par un partenariat avec nous pour notre prochain Loft ?&nbsp; Dans les affaires comme dans le plaisir, nous sommes ouverts aux id\u00e9es, aux possibilit\u00e9s et au d\u00e9licieux frisson de commencer quelque chose [&hellip;]<\/p>\n","protected":false},"author":1,"featured_media":655,"parent":780,"menu_order":3,"comment_status":"closed","ping_status":"closed","template":"template_loftsSingle.php","meta":{"_acf_changed":false,"footnotes":""},"class_list":["post-784","page","type-page","status-publish","has-post-thumbnail","hentry"],"acf":[],"yoast_head":"<!-- This site is optimized with the Yoast SEO plugin v27.6 - https:\/\/yoast.com\/product\/yoast-seo-wordpress\/ -->\n<title>autres Lofts - SPNKD<\/title>\n<meta name=\"description\" content=\"O\u00f9 SPNKD devrait-il ouvrir la prochaine fois ? Peut-\u00eatre connaissez-vous l&#039;endroit id\u00e9al ou \u00eates-vous int\u00e9ress\u00e9 par un partenariat avec nous pour notre prochain Loft ?\" \/>\n<meta name=\"robots\" content=\"index, follow, max-snippet:-1, max-image-preview:large, max-video-preview:-1\" \/>\n<link rel=\"canonical\" href=\"https:\/\/spnkd.com\/fr\/lofts\/london\/\" \/>\n<meta property=\"og:locale\" content=\"fr_FR\" \/>\n<meta property=\"og:type\" content=\"article\" \/>\n<meta property=\"og:title\" content=\"autres Lofts - SPNKD\" \/>\n<meta property=\"og:description\" content=\"O\u00f9 SPNKD devrait-il ouvrir la prochaine fois ? Peut-\u00eatre connaissez-vous l&#039;endroit id\u00e9al ou \u00eates-vous int\u00e9ress\u00e9 par un partenariat avec nous pour notre prochain Loft ?\" \/>\n<meta property=\"og:url\" content=\"https:\/\/spnkd.com\/fr\/lofts\/london\/\" \/>\n<meta property=\"og:site_name\" content=\"SPNKD\" \/>\n<meta property=\"article:publisher\" content=\"https:\/\/www.facebook.com\/SPNKD.Antwerp\" \/>\n<meta property=\"article:modified_time\" content=\"2021-06-24T13:41:30+00:00\" \/>\n<meta property=\"og:image\" content=\"https:\/\/spnkd.com\/wp-content\/uploads\/2021\/03\/172-SPNKD-Anne-Kaere-Fotografie-88-e1615969241951.jpg\" \/>\n\t<meta property=\"og:image:width\" content=\"1366\" \/>\n\t<meta property=\"og:image:height\" content=\"1573\" \/>\n\t<meta property=\"og:image:type\" content=\"image\/jpeg\" \/>\n<meta name=\"twitter:card\" content=\"summary_large_image\" \/>\n<meta name=\"twitter:site\" content=\"@SPNKD_Antwerp\" \/>\n<meta name=\"twitter:label1\" content=\"Dur\u00e9e de lecture estim\u00e9e\" \/>\n\t<meta name=\"twitter:data1\" content=\"1 minute\" \/>\n<script type=\"application\/ld+json\" class=\"yoast-schema-graph\">{\"@context\":\"https:\\\/\\\/schema.org\",\"@graph\":[{\"@type\":\"WebPage\",\"@id\":\"https:\\\/\\\/spnkd.com\\\/fr\\\/lofts\\\/london\\\/\",\"url\":\"https:\\\/\\\/spnkd.com\\\/fr\\\/lofts\\\/london\\\/\",\"name\":\"autres Lofts - SPNKD\",\"isPartOf\":{\"@id\":\"https:\\\/\\\/spnkd.com\\\/fr\\\/#website\"},\"primaryImageOfPage\":{\"@id\":\"https:\\\/\\\/spnkd.com\\\/fr\\\/lofts\\\/london\\\/#primaryimage\"},\"image\":{\"@id\":\"https:\\\/\\\/spnkd.com\\\/fr\\\/lofts\\\/london\\\/#primaryimage\"},\"thumbnailUrl\":\"https:\\\/\\\/spnkd.com\\\/wp-content\\\/uploads\\\/2021\\\/03\\\/172-SPNKD-Anne-Kaere-Fotografie-88-e1615969241951.jpg\",\"datePublished\":\"2021-01-06T16:44:15+00:00\",\"dateModified\":\"2021-06-24T13:41:30+00:00\",\"description\":\"O\u00f9 SPNKD devrait-il ouvrir la prochaine fois ? Peut-\u00eatre connaissez-vous l'endroit id\u00e9al ou \u00eates-vous int\u00e9ress\u00e9 par un partenariat avec nous pour notre prochain Loft ?\",\"breadcrumb\":{\"@id\":\"https:\\\/\\\/spnkd.com\\\/fr\\\/lofts\\\/london\\\/#breadcrumb\"},\"inLanguage\":\"fr-FR\",\"potentialAction\":[{\"@type\":\"ReadAction\",\"target\":[\"https:\\\/\\\/spnkd.com\\\/fr\\\/lofts\\\/london\\\/\"]}]},{\"@type\":\"ImageObject\",\"inLanguage\":\"fr-FR\",\"@id\":\"https:\\\/\\\/spnkd.com\\\/fr\\\/lofts\\\/london\\\/#primaryimage\",\"url\":\"https:\\\/\\\/spnkd.com\\\/wp-content\\\/uploads\\\/2021\\\/03\\\/172-SPNKD-Anne-Kaere-Fotografie-88-e1615969241951.jpg\",\"contentUrl\":\"https:\\\/\\\/spnkd.com\\\/wp-content\\\/uploads\\\/2021\\\/03\\\/172-SPNKD-Anne-Kaere-Fotografie-88-e1615969241951.jpg\",\"width\":1366,\"height\":1573},{\"@type\":\"BreadcrumbList\",\"@id\":\"https:\\\/\\\/spnkd.com\\\/fr\\\/lofts\\\/london\\\/#breadcrumb\",\"itemListElement\":[{\"@type\":\"ListItem\",\"position\":1,\"name\":\"Home\",\"item\":\"https:\\\/\\\/spnkd.com\\\/fr\\\/\"},{\"@type\":\"ListItem\",\"position\":2,\"name\":\"Lofts\",\"item\":\"https:\\\/\\\/spnkd.com\\\/fr\\\/lofts\\\/\"},{\"@type\":\"ListItem\",\"position\":3,\"name\":\"autres Lofts\"}]},{\"@type\":\"WebSite\",\"@id\":\"https:\\\/\\\/spnkd.com\\\/fr\\\/#website\",\"url\":\"https:\\\/\\\/spnkd.com\\\/fr\\\/\",\"name\":\"SPNKD\",\"description\":\"\",\"publisher\":{\"@id\":\"https:\\\/\\\/spnkd.com\\\/fr\\\/#organization\"},\"potentialAction\":[{\"@type\":\"SearchAction\",\"target\":{\"@type\":\"EntryPoint\",\"urlTemplate\":\"https:\\\/\\\/spnkd.com\\\/fr\\\/?s={search_term_string}\"},\"query-input\":{\"@type\":\"PropertyValueSpecification\",\"valueRequired\":true,\"valueName\":\"search_term_string\"}}],\"inLanguage\":\"fr-FR\"},{\"@type\":\"Organization\",\"@id\":\"https:\\\/\\\/spnkd.com\\\/fr\\\/#organization\",\"name\":\"SPNKD\",\"url\":\"https:\\\/\\\/spnkd.com\\\/fr\\\/\",\"logo\":{\"@type\":\"ImageObject\",\"inLanguage\":\"fr-FR\",\"@id\":\"https:\\\/\\\/spnkd.com\\\/fr\\\/#\\\/schema\\\/logo\\\/image\\\/\",\"url\":\"https:\\\/\\\/spnkd.com\\\/wp-content\\\/uploads\\\/2021\\\/06\\\/cropped-favicon.png\",\"contentUrl\":\"https:\\\/\\\/spnkd.com\\\/wp-content\\\/uploads\\\/2021\\\/06\\\/cropped-favicon.png\",\"width\":512,\"height\":512,\"caption\":\"SPNKD\"},\"image\":{\"@id\":\"https:\\\/\\\/spnkd.com\\\/fr\\\/#\\\/schema\\\/logo\\\/image\\\/\"},\"sameAs\":[\"https:\\\/\\\/www.facebook.com\\\/SPNKD.Antwerp\",\"https:\\\/\\\/x.com\\\/SPNKD_Antwerp\",\"https:\\\/\\\/www.instagram.com\\\/spnkd\\\/\"]}]}<\/script>\n<!-- \/ Yoast SEO plugin. -->","yoast_head_json":{"title":"autres Lofts - SPNKD","description":"O\u00f9 SPNKD devrait-il ouvrir la prochaine fois ? Peut-\u00eatre connaissez-vous l'endroit id\u00e9al ou \u00eates-vous int\u00e9ress\u00e9 par un partenariat avec nous pour notre prochain Loft ?","robots":{"index":"index","follow":"follow","max-snippet":"max-snippet:-1","max-image-preview":"max-image-preview:large","max-video-preview":"max-video-preview:-1"},"canonical":"https:\/\/spnkd.com\/fr\/lofts\/london\/","og_locale":"fr_FR","og_type":"article","og_title":"autres Lofts - SPNKD","og_description":"O\u00f9 SPNKD devrait-il ouvrir la prochaine fois ? Peut-\u00eatre connaissez-vous l'endroit id\u00e9al ou \u00eates-vous int\u00e9ress\u00e9 par un partenariat avec nous pour notre prochain Loft ?","og_url":"https:\/\/spnkd.com\/fr\/lofts\/london\/","og_site_name":"SPNKD","article_publisher":"https:\/\/www.facebook.com\/SPNKD.Antwerp","article_modified_time":"2021-06-24T13:41:30+00:00","og_image":[{"width":1366,"height":1573,"url":"https:\/\/spnkd.com\/wp-content\/uploads\/2021\/03\/172-SPNKD-Anne-Kaere-Fotografie-88-e1615969241951.jpg","type":"image\/jpeg"}],"twitter_card":"summary_large_image","twitter_site":"@SPNKD_Antwerp","twitter_misc":{"Dur\u00e9e de lecture estim\u00e9e":"1 minute"},"schema":{"@context":"https:\/\/schema.org","@graph":[{"@type":"WebPage","@id":"https:\/\/spnkd.com\/fr\/lofts\/london\/","url":"https:\/\/spnkd.com\/fr\/lofts\/london\/","name":"autres Lofts - SPNKD","isPartOf":{"@id":"https:\/\/spnkd.com\/fr\/#website"},"primaryImageOfPage":{"@id":"https:\/\/spnkd.com\/fr\/lofts\/london\/#primaryimage"},"image":{"@id":"https:\/\/spnkd.com\/fr\/lofts\/london\/#primaryimage"},"thumbnailUrl":"https:\/\/spnkd.com\/wp-content\/uploads\/2021\/03\/172-SPNKD-Anne-Kaere-Fotografie-88-e1615969241951.jpg","datePublished":"2021-01-06T16:44:15+00:00","dateModified":"2021-06-24T13:41:30+00:00","description":"O\u00f9 SPNKD devrait-il ouvrir la prochaine fois ? Peut-\u00eatre connaissez-vous l'endroit id\u00e9al ou \u00eates-vous int\u00e9ress\u00e9 par un partenariat avec nous pour notre prochain Loft ?","breadcrumb":{"@id":"https:\/\/spnkd.com\/fr\/lofts\/london\/#breadcrumb"},"inLanguage":"fr-FR","potentialAction":[{"@type":"ReadAction","target":["https:\/\/spnkd.com\/fr\/lofts\/london\/"]}]},{"@type":"ImageObject","inLanguage":"fr-FR","@id":"https:\/\/spnkd.com\/fr\/lofts\/london\/#primaryimage","url":"https:\/\/spnkd.com\/wp-content\/uploads\/2021\/03\/172-SPNKD-Anne-Kaere-Fotografie-88-e1615969241951.jpg","contentUrl":"https:\/\/spnkd.com\/wp-content\/uploads\/2021\/03\/172-SPNKD-Anne-Kaere-Fotografie-88-e1615969241951.jpg","width":1366,"height":1573},{"@type":"BreadcrumbList","@id":"https:\/\/spnkd.com\/fr\/lofts\/london\/#breadcrumb","itemListElement":[{"@type":"ListItem","position":1,"name":"Home","item":"https:\/\/spnkd.com\/fr\/"},{"@type":"ListItem","position":2,"name":"Lofts","item":"https:\/\/spnkd.com\/fr\/lofts\/"},{"@type":"ListItem","position":3,"name":"autres Lofts"}]},{"@type":"WebSite","@id":"https:\/\/spnkd.com\/fr\/#website","url":"https:\/\/spnkd.com\/fr\/","name":"SPNKD","description":"","publisher":{"@id":"https:\/\/spnkd.com\/fr\/#organization"},"potentialAction":[{"@type":"SearchAction","target":{"@type":"EntryPoint","urlTemplate":"https:\/\/spnkd.com\/fr\/?s={search_term_string}"},"query-input":{"@type":"PropertyValueSpecification","valueRequired":true,"valueName":"search_term_string"}}],"inLanguage":"fr-FR"},{"@type":"Organization","@id":"https:\/\/spnkd.com\/fr\/#organization","name":"SPNKD","url":"https:\/\/spnkd.com\/fr\/","logo":{"@type":"ImageObject","inLanguage":"fr-FR","@id":"https:\/\/spnkd.com\/fr\/#\/schema\/logo\/image\/","url":"https:\/\/spnkd.com\/wp-content\/uploads\/2021\/06\/cropped-favicon.png","contentUrl":"https:\/\/spnkd.com\/wp-content\/uploads\/2021\/06\/cropped-favicon.png","width":512,"height":512,"caption":"SPNKD"},"image":{"@id":"https:\/\/spnkd.com\/fr\/#\/schema\/logo\/image\/"},"sameAs":["https:\/\/www.facebook.com\/SPNKD.Antwerp","https:\/\/x.com\/SPNKD_Antwerp","https:\/\/www.instagram.com\/spnkd\/"]}]}},"_links":{"self":[{"href":"https:\/\/spnkd.com\/fr\/wp-json\/wp\/v2\/pages\/784","targetHints":{"allow":["GET"]}}],"collection":[{"href":"https:\/\/spnkd.com\/fr\/wp-json\/wp\/v2\/pages"}],"about":[{"href":"https:\/\/spnkd.com\/fr\/wp-json\/wp\/v2\/types\/page"}],"author":[{"embeddable":true,"href":"https:\/\/spnkd.com\/fr\/wp-json\/wp\/v2\/users\/1"}],"replies":[{"embeddable":true,"href":"https:\/\/spnkd.com\/fr\/wp-json\/wp\/v2\/comments?post=784"}],"version-history":[{"count":5,"href":"https:\/\/spnkd.com\/fr\/wp-json\/wp\/v2\/pages\/784\/revisions"}],"predecessor-version":[{"id":2336,"href":"https:\/\/spnkd.com\/fr\/wp-json\/wp\/v2\/pages\/784\/revisions\/2336"}],"up":[{"embeddable":true,"href":"https:\/\/spnkd.com\/fr\/wp-json\/wp\/v2\/pages\/780"}],"wp:featuredmedia":[{"embeddable":true,"href":"https:\/\/spnkd.com\/fr\/wp-json\/wp\/v2\/media\/655"}],"wp:attachment":[{"href":"https:\/\/spnkd.com\/fr\/wp-json\/wp\/v2\/media?parent=784"}],"curies":[{"name":"wp","href":"https:\/\/api.w.org\/{rel}","templated":true}]}}