{"id":779,"date":"2021-01-06T16:44:02","date_gmt":"2021-01-06T16:44:02","guid":{"rendered":"https:\/\/spnkd.com\/berlin\/"},"modified":"2025-01-13T10:34:15","modified_gmt":"2025-01-13T10:34:15","slug":"londres","status":"publish","type":"page","link":"https:\/\/spnkd.com\/fr\/lofts\/londres\/","title":{"rendered":"Berlin"},"content":{"rendered":"\n<h1 class=\"wp-block-heading\"><strong>Berlin<\/strong>. <br><strong>La luxure re\u00e7oit le traitement royal<\/strong>.<\/h1>\n\n\n\n<p>Prochainement : une nouvelle adresse pour accueillir les d\u00e9sirs les plus d\u00e9cadents de Berlin.\u00a0<\/p>\n\n\n\n<p>Inscrivez-vous \u00e0 notre newsletter afin de recevoir plus d\u2019informations sur notre Loft berlinois et soyez parmi les premiers \u00e0 y s\u00e9journer.\u00a0<\/p>\n\n\n\n<p>Nous sommes impatients de vous le faire d\u00e9couvrir.&nbsp;<\/p>\n\n\n\n<p><a data-type=\"page\" data-id=\"20\" href=\"https:\/\/spnkd.com\/fr\/contact\/\">Contactez-nous<\/a><\/p>\n","protected":false},"excerpt":{"rendered":"<p>Berlin. La luxure re\u00e7oit le traitement royal. Prochainement : une nouvelle adresse pour accueillir les d\u00e9sirs les plus d\u00e9cadents de Berlin.\u00a0 Inscrivez-vous \u00e0 notre newsletter afin de recevoir plus d\u2019informations sur notre Loft berlinois et soyez parmi les premiers \u00e0 y s\u00e9journer.\u00a0 Nous sommes impatients de vous le faire d\u00e9couvrir.&nbsp; Contactez-nous<\/p>\n","protected":false},"author":1,"featured_media":646,"parent":780,"menu_order":2,"comment_status":"closed","ping_status":"closed","template":"template_loftsSingle.php","meta":{"_acf_changed":true,"footnotes":""},"class_list":["post-779","page","type-page","status-publish","has-post-thumbnail","hentry"],"acf":[],"yoast_head":"<!-- This site is optimized with the Yoast SEO plugin v27.5 - https:\/\/yoast.com\/product\/yoast-seo-wordpress\/ -->\n<title>Berlin - SPNKD<\/title>\n<meta name=\"description\" content=\"Prochainement : une nouvelle adresse pour accueillir les d\u00e9sirs les plus d\u00e9cadents de Londres. Nous sommes impatients de vous le faire d\u00e9couvrir.\" \/>\n<meta name=\"robots\" content=\"index, follow, max-snippet:-1, max-image-preview:large, max-video-preview:-1\" \/>\n<link rel=\"canonical\" href=\"https:\/\/spnkd.com\/fr\/lofts\/londres\/\" \/>\n<meta property=\"og:locale\" content=\"fr_FR\" \/>\n<meta property=\"og:type\" content=\"article\" \/>\n<meta property=\"og:title\" content=\"Berlin - SPNKD\" \/>\n<meta property=\"og:description\" content=\"Prochainement : une nouvelle adresse pour accueillir les d\u00e9sirs les plus d\u00e9cadents de Londres. Nous sommes impatients de vous le faire d\u00e9couvrir.\" \/>\n<meta property=\"og:url\" content=\"https:\/\/spnkd.com\/fr\/lofts\/londres\/\" \/>\n<meta property=\"og:site_name\" content=\"SPNKD\" \/>\n<meta property=\"article:publisher\" content=\"https:\/\/www.facebook.com\/SPNKD.Antwerp\" \/>\n<meta property=\"article:modified_time\" content=\"2025-01-13T10:34:15+00:00\" \/>\n<meta property=\"og:image\" content=\"https:\/\/spnkd.com\/wp-content\/uploads\/2021\/03\/62-SPNKD-Anne-Kaere-Fotografie-63.jpg\" \/>\n\t<meta property=\"og:image:width\" content=\"1366\" \/>\n\t<meta property=\"og:image:height\" content=\"911\" \/>\n\t<meta property=\"og:image:type\" content=\"image\/jpeg\" \/>\n<meta name=\"twitter:card\" content=\"summary_large_image\" \/>\n<meta name=\"twitter:site\" content=\"@SPNKD_Antwerp\" \/>\n<meta name=\"twitter:label1\" content=\"Dur\u00e9e de lecture estim\u00e9e\" \/>\n\t<meta name=\"twitter:data1\" content=\"1 minute\" \/>\n<script type=\"application\/ld+json\" class=\"yoast-schema-graph\">{\"@context\":\"https:\\\/\\\/schema.org\",\"@graph\":[{\"@type\":\"WebPage\",\"@id\":\"https:\\\/\\\/spnkd.com\\\/fr\\\/lofts\\\/londres\\\/\",\"url\":\"https:\\\/\\\/spnkd.com\\\/fr\\\/lofts\\\/londres\\\/\",\"name\":\"Berlin - SPNKD\",\"isPartOf\":{\"@id\":\"https:\\\/\\\/spnkd.com\\\/fr\\\/#website\"},\"primaryImageOfPage\":{\"@id\":\"https:\\\/\\\/spnkd.com\\\/fr\\\/lofts\\\/londres\\\/#primaryimage\"},\"image\":{\"@id\":\"https:\\\/\\\/spnkd.com\\\/fr\\\/lofts\\\/londres\\\/#primaryimage\"},\"thumbnailUrl\":\"https:\\\/\\\/spnkd.com\\\/wp-content\\\/uploads\\\/2021\\\/03\\\/62-SPNKD-Anne-Kaere-Fotografie-63.jpg\",\"datePublished\":\"2021-01-06T16:44:02+00:00\",\"dateModified\":\"2025-01-13T10:34:15+00:00\",\"description\":\"Prochainement : une nouvelle adresse pour accueillir les d\u00e9sirs les plus d\u00e9cadents de Londres. Nous sommes impatients de vous le faire d\u00e9couvrir.\",\"breadcrumb\":{\"@id\":\"https:\\\/\\\/spnkd.com\\\/fr\\\/lofts\\\/londres\\\/#breadcrumb\"},\"inLanguage\":\"fr-FR\",\"potentialAction\":[{\"@type\":\"ReadAction\",\"target\":[\"https:\\\/\\\/spnkd.com\\\/fr\\\/lofts\\\/londres\\\/\"]}]},{\"@type\":\"ImageObject\",\"inLanguage\":\"fr-FR\",\"@id\":\"https:\\\/\\\/spnkd.com\\\/fr\\\/lofts\\\/londres\\\/#primaryimage\",\"url\":\"https:\\\/\\\/spnkd.com\\\/wp-content\\\/uploads\\\/2021\\\/03\\\/62-SPNKD-Anne-Kaere-Fotografie-63.jpg\",\"contentUrl\":\"https:\\\/\\\/spnkd.com\\\/wp-content\\\/uploads\\\/2021\\\/03\\\/62-SPNKD-Anne-Kaere-Fotografie-63.jpg\",\"width\":1366,\"height\":911},{\"@type\":\"BreadcrumbList\",\"@id\":\"https:\\\/\\\/spnkd.com\\\/fr\\\/lofts\\\/londres\\\/#breadcrumb\",\"itemListElement\":[{\"@type\":\"ListItem\",\"position\":1,\"name\":\"Home\",\"item\":\"https:\\\/\\\/spnkd.com\\\/fr\\\/\"},{\"@type\":\"ListItem\",\"position\":2,\"name\":\"Lofts\",\"item\":\"https:\\\/\\\/spnkd.com\\\/fr\\\/lofts\\\/\"},{\"@type\":\"ListItem\",\"position\":3,\"name\":\"Berlin\"}]},{\"@type\":\"WebSite\",\"@id\":\"https:\\\/\\\/spnkd.com\\\/fr\\\/#website\",\"url\":\"https:\\\/\\\/spnkd.com\\\/fr\\\/\",\"name\":\"SPNKD\",\"description\":\"\",\"publisher\":{\"@id\":\"https:\\\/\\\/spnkd.com\\\/fr\\\/#organization\"},\"potentialAction\":[{\"@type\":\"SearchAction\",\"target\":{\"@type\":\"EntryPoint\",\"urlTemplate\":\"https:\\\/\\\/spnkd.com\\\/fr\\\/?s={search_term_string}\"},\"query-input\":{\"@type\":\"PropertyValueSpecification\",\"valueRequired\":true,\"valueName\":\"search_term_string\"}}],\"inLanguage\":\"fr-FR\"},{\"@type\":\"Organization\",\"@id\":\"https:\\\/\\\/spnkd.com\\\/fr\\\/#organization\",\"name\":\"SPNKD\",\"url\":\"https:\\\/\\\/spnkd.com\\\/fr\\\/\",\"logo\":{\"@type\":\"ImageObject\",\"inLanguage\":\"fr-FR\",\"@id\":\"https:\\\/\\\/spnkd.com\\\/fr\\\/#\\\/schema\\\/logo\\\/image\\\/\",\"url\":\"https:\\\/\\\/spnkd.com\\\/wp-content\\\/uploads\\\/2021\\\/06\\\/cropped-favicon.png\",\"contentUrl\":\"https:\\\/\\\/spnkd.com\\\/wp-content\\\/uploads\\\/2021\\\/06\\\/cropped-favicon.png\",\"width\":512,\"height\":512,\"caption\":\"SPNKD\"},\"image\":{\"@id\":\"https:\\\/\\\/spnkd.com\\\/fr\\\/#\\\/schema\\\/logo\\\/image\\\/\"},\"sameAs\":[\"https:\\\/\\\/www.facebook.com\\\/SPNKD.Antwerp\",\"https:\\\/\\\/x.com\\\/SPNKD_Antwerp\",\"https:\\\/\\\/www.instagram.com\\\/spnkd\\\/\"]}]}<\/script>\n<!-- \/ Yoast SEO plugin. -->","yoast_head_json":{"title":"Berlin - SPNKD","description":"Prochainement : une nouvelle adresse pour accueillir les d\u00e9sirs les plus d\u00e9cadents de Londres. Nous sommes impatients de vous le faire d\u00e9couvrir.","robots":{"index":"index","follow":"follow","max-snippet":"max-snippet:-1","max-image-preview":"max-image-preview:large","max-video-preview":"max-video-preview:-1"},"canonical":"https:\/\/spnkd.com\/fr\/lofts\/londres\/","og_locale":"fr_FR","og_type":"article","og_title":"Berlin - SPNKD","og_description":"Prochainement : une nouvelle adresse pour accueillir les d\u00e9sirs les plus d\u00e9cadents de Londres. Nous sommes impatients de vous le faire d\u00e9couvrir.","og_url":"https:\/\/spnkd.com\/fr\/lofts\/londres\/","og_site_name":"SPNKD","article_publisher":"https:\/\/www.facebook.com\/SPNKD.Antwerp","article_modified_time":"2025-01-13T10:34:15+00:00","og_image":[{"width":1366,"height":911,"url":"https:\/\/spnkd.com\/wp-content\/uploads\/2021\/03\/62-SPNKD-Anne-Kaere-Fotografie-63.jpg","type":"image\/jpeg"}],"twitter_card":"summary_large_image","twitter_site":"@SPNKD_Antwerp","twitter_misc":{"Dur\u00e9e de lecture estim\u00e9e":"1 minute"},"schema":{"@context":"https:\/\/schema.org","@graph":[{"@type":"WebPage","@id":"https:\/\/spnkd.com\/fr\/lofts\/londres\/","url":"https:\/\/spnkd.com\/fr\/lofts\/londres\/","name":"Berlin - SPNKD","isPartOf":{"@id":"https:\/\/spnkd.com\/fr\/#website"},"primaryImageOfPage":{"@id":"https:\/\/spnkd.com\/fr\/lofts\/londres\/#primaryimage"},"image":{"@id":"https:\/\/spnkd.com\/fr\/lofts\/londres\/#primaryimage"},"thumbnailUrl":"https:\/\/spnkd.com\/wp-content\/uploads\/2021\/03\/62-SPNKD-Anne-Kaere-Fotografie-63.jpg","datePublished":"2021-01-06T16:44:02+00:00","dateModified":"2025-01-13T10:34:15+00:00","description":"Prochainement : une nouvelle adresse pour accueillir les d\u00e9sirs les plus d\u00e9cadents de Londres. Nous sommes impatients de vous le faire d\u00e9couvrir.","breadcrumb":{"@id":"https:\/\/spnkd.com\/fr\/lofts\/londres\/#breadcrumb"},"inLanguage":"fr-FR","potentialAction":[{"@type":"ReadAction","target":["https:\/\/spnkd.com\/fr\/lofts\/londres\/"]}]},{"@type":"ImageObject","inLanguage":"fr-FR","@id":"https:\/\/spnkd.com\/fr\/lofts\/londres\/#primaryimage","url":"https:\/\/spnkd.com\/wp-content\/uploads\/2021\/03\/62-SPNKD-Anne-Kaere-Fotografie-63.jpg","contentUrl":"https:\/\/spnkd.com\/wp-content\/uploads\/2021\/03\/62-SPNKD-Anne-Kaere-Fotografie-63.jpg","width":1366,"height":911},{"@type":"BreadcrumbList","@id":"https:\/\/spnkd.com\/fr\/lofts\/londres\/#breadcrumb","itemListElement":[{"@type":"ListItem","position":1,"name":"Home","item":"https:\/\/spnkd.com\/fr\/"},{"@type":"ListItem","position":2,"name":"Lofts","item":"https:\/\/spnkd.com\/fr\/lofts\/"},{"@type":"ListItem","position":3,"name":"Berlin"}]},{"@type":"WebSite","@id":"https:\/\/spnkd.com\/fr\/#website","url":"https:\/\/spnkd.com\/fr\/","name":"SPNKD","description":"","publisher":{"@id":"https:\/\/spnkd.com\/fr\/#organization"},"potentialAction":[{"@type":"SearchAction","target":{"@type":"EntryPoint","urlTemplate":"https:\/\/spnkd.com\/fr\/?s={search_term_string}"},"query-input":{"@type":"PropertyValueSpecification","valueRequired":true,"valueName":"search_term_string"}}],"inLanguage":"fr-FR"},{"@type":"Organization","@id":"https:\/\/spnkd.com\/fr\/#organization","name":"SPNKD","url":"https:\/\/spnkd.com\/fr\/","logo":{"@type":"ImageObject","inLanguage":"fr-FR","@id":"https:\/\/spnkd.com\/fr\/#\/schema\/logo\/image\/","url":"https:\/\/spnkd.com\/wp-content\/uploads\/2021\/06\/cropped-favicon.png","contentUrl":"https:\/\/spnkd.com\/wp-content\/uploads\/2021\/06\/cropped-favicon.png","width":512,"height":512,"caption":"SPNKD"},"image":{"@id":"https:\/\/spnkd.com\/fr\/#\/schema\/logo\/image\/"},"sameAs":["https:\/\/www.facebook.com\/SPNKD.Antwerp","https:\/\/x.com\/SPNKD_Antwerp","https:\/\/www.instagram.com\/spnkd\/"]}]}},"_links":{"self":[{"href":"https:\/\/spnkd.com\/fr\/wp-json\/wp\/v2\/pages\/779","targetHints":{"allow":["GET"]}}],"collection":[{"href":"https:\/\/spnkd.com\/fr\/wp-json\/wp\/v2\/pages"}],"about":[{"href":"https:\/\/spnkd.com\/fr\/wp-json\/wp\/v2\/types\/page"}],"author":[{"embeddable":true,"href":"https:\/\/spnkd.com\/fr\/wp-json\/wp\/v2\/users\/1"}],"replies":[{"embeddable":true,"href":"https:\/\/spnkd.com\/fr\/wp-json\/wp\/v2\/comments?post=779"}],"version-history":[{"count":5,"href":"https:\/\/spnkd.com\/fr\/wp-json\/wp\/v2\/pages\/779\/revisions"}],"predecessor-version":[{"id":11834,"href":"https:\/\/spnkd.com\/fr\/wp-json\/wp\/v2\/pages\/779\/revisions\/11834"}],"up":[{"embeddable":true,"href":"https:\/\/spnkd.com\/fr\/wp-json\/wp\/v2\/pages\/780"}],"wp:featuredmedia":[{"embeddable":true,"href":"https:\/\/spnkd.com\/fr\/wp-json\/wp\/v2\/media\/646"}],"wp:attachment":[{"href":"https:\/\/spnkd.com\/fr\/wp-json\/wp\/v2\/media?parent=779"}],"curies":[{"name":"wp","href":"https:\/\/api.w.org\/{rel}","templated":true}]}}