{"id":1366,"date":"2021-04-09T12:04:43","date_gmt":"2021-04-09T12:04:43","guid":{"rendered":"https:\/\/spnkd.com\/?page_id=1366"},"modified":"2021-06-18T13:24:57","modified_gmt":"2021-06-18T13:24:57","slug":"conditions-de-vente","status":"publish","type":"page","link":"https:\/\/spnkd.com\/fr\/conditions-de-vente\/","title":{"rendered":"Conditions de vente"},"content":{"rendered":"\n<h3 class=\"wp-block-heading\">Votre droit d\u2019annuler une commande<\/h3>\n\n\n\n<p>Nous voulons que vous soyez enti\u00e8rement satisfait \u00e0 chaque fois que vous effectuez des achats chez SPNKD. Si, pour quelque raison que ce soit, vous n\u2019\u00eates pas satisfait d\u2019un produit non personnalis\u00e9 que vous avez achet\u00e9 ou si vous changez d\u2019avis et que souhaitez nous le renvoyer, il vous suffit de nous contacter par le biais de cette page Web ou en nous envoyant un e-mail et nous vous fournirons les instructions pour le renvoi de l\u2019article. Vous devez effectuer cette d\u00e9marche au plus tard 14 jours apr\u00e8s la r\u00e9ception du produit en question. Une fois que vous nous avez inform\u00e9s de votre d\u00e9cision de renvoyer un produit, vous devez nous renvoyer ce produit dans son \u00e9tat d\u2019origine dans un d\u00e9lai de 14 jours.<\/p>\n\n\n\n<p>Les frais de renvoi du produit sont \u00e0 votre charge. Veuillez noter que tout article que vous retournez est sous votre responsabilit\u00e9 jusqu\u2019\u00e0 ce qu\u2019il atteigne notre entrep\u00f4t. Nous vous recommandons donc de nous renvoyer votre produit en utilisant un service qui vous permet d\u2019assurer votre envoi. &nbsp;<\/p>\n\n\n\n<p>Si vous annulez une commande et retournez un produit comme d\u00e9crit ci-dessus, nous vous rembourserons int\u00e9gralement le prix pay\u00e9 pour le produit en question, sans inclure le montant suppl\u00e9mentaire que vous avez pay\u00e9 pour la livraison. SPNKD a le droit de facturer les dommages ou toute autre perte de valeur du produit r\u00e9sultant d\u2019une manipulation ou d\u2019une utilisation excessive du produit avant son retour chez nous.<\/p>\n\n\n\n<p>Veuillez noter que, \u00e0 moins d\u2019\u00eatre d\u00e9fectueux, les produits qui ont \u00e9t\u00e9 fabriqu\u00e9s sur mesure selon vos sp\u00e9cifications ne peuvent \u00eatre retourn\u00e9s.<\/p>\n\n\n\n<h3 class=\"wp-block-heading\">S\u2019il y a un probl\u00e8me avec votre produit<\/h3>\n\n\n\n<p>Pour toute question ou r\u00e9clamation concernant votre produit, veuillez nous contacter par le biais de cette page Web ou par courrier \u00e9lectronique \u00e0 l\u2019adresse info@spnkd.com.<\/p>\n\n\n\n<p>Les \u00e9carts mineurs et les \u00e9carts qui sont g\u00e9n\u00e9ralement consid\u00e9r\u00e9s comme acceptables en ce qui concerne la qualit\u00e9, la taille, la couleur, la finition, etc. des produits ne peuvent pas \u00eatre \u00e9vit\u00e9s ou sont difficiles \u00e0 \u00e9viter et ne constituent pas une raison fond\u00e9e de d\u00e9poser une plainte. De telles plaintes, ainsi que celles concernant le retrait de certains produits du site Web, ne sont pas fond\u00e9es.<\/p>\n\n\n\n<h3 class=\"wp-block-heading\">Fixation des prix et r\u00e9ductions\/corrections des prix<\/h3>\n\n\n\n<p>SPNKD se r\u00e9serve le droit de modifier \u00e0 tout moment les prix des produits affich\u00e9s sur son site Web et de corriger les erreurs de prix qui pourraient se produire par inadvertance. Tout changement de prix n\u2019affectera pas une commande qui a d\u00e9j\u00e0 \u00e9t\u00e9 accept\u00e9e par SPNKD.<\/p>\n\n\n\n<p>En cas d\u2019erreur de prix, nous vous en informerons et vous pourrez soit poursuivre la transaction au prix correct, soit annuler votre commande sans frais suppl\u00e9mentaires.<\/p>\n\n\n\n<h3 class=\"wp-block-heading\">Exp\u00e9dition et livraison<\/h3>\n\n\n\n<p>Nous n\u2019exp\u00e9dions actuellement que vers les pays suivants :<\/p>\n\n\n\n<p>Australie, Autriche, Belgique, Bulgarie, Canada, Croatie, Chypre, R\u00e9publique tch\u00e8que, Danemark, Estonie, Finlande, France, Allemagne, Gr\u00e8ce, Hongrie, Irlande, Italie, Lettonie, Lituanie, Luxembourg, Malte, Monaco, Pays-Bas, Pologne, Portugal, Roumanie, Slovaquie, Slov\u00e9nie, Espagne, Su\u00e8de, Royaume-Uni, \u00c9tats-Unis.<\/p>\n\n\n\n<p>La livraison est gratuite pour toute commande d\u00e9passant un certain montant. Pour les commandes inf\u00e9rieures \u00e0 ce montant, des frais de livraison seront appliqu\u00e9s.<\/p>\n\n\n\n<p>Belgique et Pays-Bas : livraison gratuite \u00e0 partir de 50 \u20ac.<\/p>\n\n\n\n<p>Autres pays de l\u2019UE : livraison gratuite \u00e0 partir de 250 \u20ac.<\/p>\n\n\n\n<p>Pays hors UE : livraison gratuite \u00e0 partir de 500 \u20ac.<\/p>\n\n\n\n<h3 class=\"wp-block-heading\">Garantie<\/h3>\n\n\n\n<p>Tous les produits achet\u00e9s sur le site Web sont couverts par une garantie de 2 ans, \u00e0 compter de la date de la vente.<\/p>\n\n\n\n<p>Veuillez noter que le cuir est un produit qui s\u2019assouplit avec l\u2019usage. De m\u00eame, la couleur peut s\u2019estomper avec le temps et les plis&nbsp;font partie du produit ou peuvent appara\u00eetre plus tard sur celui-ci.<\/p>\n\n\n\n<h3 class=\"wp-block-heading\">Limitation de la responsabilit\u00e9<\/h3>\n\n\n\n<p>Veuillez tenir compte de votre s\u00e9curit\u00e9 lorsque vous utilisez nos produits. Nous ne sommes pas responsables des dommages corporels (ou de la mort) caus\u00e9s par l\u2019utilisation de nos produits.<\/p>\n\n\n\n<p>Nous ne fournissons que des produits destin\u00e9s \u00e0 un usage domestique et priv\u00e9. Nous ne serons pas responsables des pertes li\u00e9es \u00e0 votre activit\u00e9, y compris (sans restriction) les pertes de b\u00e9n\u00e9fices, les pertes de revenus ou les interruptions d\u2019activit\u00e9.<\/p>\n\n\n\n<h3 class=\"wp-block-heading\">Droit et juridiction<\/h3>\n\n\n\n<p>Les pr\u00e9sentes conditions, ainsi que tout litige ou toute r\u00e9clamation d\u00e9coulant de ou en rapport avec les pr\u00e9sentes conditions g\u00e9n\u00e9rales et\/ou votre utilisation du site Web, sont r\u00e9gis par le droit belge et soumis \u00e0 la comp\u00e9tence exclusive des tribunaux d\u2019Anvers.<\/p>\n\n\n\n<p>En tant que consommateur, vous b\u00e9n\u00e9ficierez de toutes les dispositions imp\u00e9ratives de la loi du pays dans lequel vous r\u00e9sidez. Aucune disposition des pr\u00e9sentes conditions g\u00e9n\u00e9rales n\u2019affecte votre droit, en tant que consommateur, de vous appuyer sur de telles dispositions imp\u00e9ratives du droit local.<\/p>\n\n\n\n<p>SPNKD est la propri\u00e9t\u00e9 de<br>Stonefish BV<br>Sint-Hubertusstraat 65<br>2600 Anvers<br>TVA : BE0866699948<\/p>\n","protected":false},"excerpt":{"rendered":"<p>Votre droit d\u2019annuler une commande Nous voulons que vous soyez enti\u00e8rement satisfait \u00e0 chaque fois que vous effectuez des achats chez SPNKD. Si, pour quelque raison que ce soit, vous n\u2019\u00eates pas satisfait d\u2019un produit non personnalis\u00e9 que vous avez achet\u00e9 ou si vous changez d\u2019avis et que souhaitez nous le renvoyer, il vous suffit [&hellip;]<\/p>\n","protected":false},"author":1,"featured_media":577,"parent":0,"menu_order":5,"comment_status":"closed","ping_status":"open","template":"template_text.php","meta":{"_acf_changed":false,"footnotes":""},"class_list":["post-1366","page","type-page","status-publish","has-post-thumbnail","hentry"],"acf":[],"yoast_head":"<!-- This site is optimized with the Yoast SEO plugin v27.3 - https:\/\/yoast.com\/product\/yoast-seo-wordpress\/ -->\n<title>Conditions de vente - SPNKD<\/title>\n<meta name=\"description\" content=\"Votre droit d\u2019annuler une commande Nous voulons que vous soyez enti\u00e8rement satisfait \u00e0 chaque fois que vous effectuez des achats chez SPNKD. Si, pour\" \/>\n<meta name=\"robots\" content=\"noindex, follow\" \/>\n<meta property=\"og:locale\" content=\"fr_FR\" \/>\n<meta property=\"og:type\" content=\"article\" \/>\n<meta property=\"og:title\" content=\"Conditions de vente - SPNKD\" \/>\n<meta property=\"og:description\" content=\"Votre droit d\u2019annuler une commande Nous voulons que vous soyez enti\u00e8rement satisfait \u00e0 chaque fois que vous effectuez des achats chez SPNKD. Si, pour\" \/>\n<meta property=\"og:url\" content=\"https:\/\/spnkd.com\/fr\/conditions-de-vente\/\" \/>\n<meta property=\"og:site_name\" content=\"SPNKD\" \/>\n<meta property=\"article:publisher\" content=\"https:\/\/www.facebook.com\/SPNKD.Antwerp\" \/>\n<meta property=\"article:modified_time\" content=\"2021-06-18T13:24:57+00:00\" \/>\n<meta property=\"og:image\" content=\"https:\/\/spnkd.com\/wp-content\/uploads\/2021\/01\/Blog-1.jpg\" \/>\n\t<meta property=\"og:image:width\" content=\"1500\" \/>\n\t<meta property=\"og:image:height\" content=\"1000\" \/>\n\t<meta property=\"og:image:type\" content=\"image\/jpeg\" \/>\n<meta name=\"twitter:card\" content=\"summary_large_image\" \/>\n<meta name=\"twitter:site\" content=\"@SPNKD_Antwerp\" \/>\n<meta name=\"twitter:label1\" content=\"Dur\u00e9e de lecture estim\u00e9e\" \/>\n\t<meta name=\"twitter:data1\" content=\"4 minutes\" \/>\n<script type=\"application\/ld+json\" class=\"yoast-schema-graph\">{\"@context\":\"https:\\\/\\\/schema.org\",\"@graph\":[{\"@type\":\"WebPage\",\"@id\":\"https:\\\/\\\/spnkd.com\\\/fr\\\/conditions-de-vente\\\/\",\"url\":\"https:\\\/\\\/spnkd.com\\\/fr\\\/conditions-de-vente\\\/\",\"name\":\"Conditions de vente - SPNKD\",\"isPartOf\":{\"@id\":\"https:\\\/\\\/spnkd.com\\\/fr\\\/#website\"},\"primaryImageOfPage\":{\"@id\":\"https:\\\/\\\/spnkd.com\\\/fr\\\/conditions-de-vente\\\/#primaryimage\"},\"image\":{\"@id\":\"https:\\\/\\\/spnkd.com\\\/fr\\\/conditions-de-vente\\\/#primaryimage\"},\"thumbnailUrl\":\"https:\\\/\\\/spnkd.com\\\/wp-content\\\/uploads\\\/2021\\\/01\\\/Blog-1.jpg\",\"datePublished\":\"2021-04-09T12:04:43+00:00\",\"dateModified\":\"2021-06-18T13:24:57+00:00\",\"description\":\"Votre droit d\u2019annuler une commande Nous voulons que vous soyez enti\u00e8rement satisfait \u00e0 chaque fois que vous effectuez des achats chez SPNKD. Si, pour\",\"breadcrumb\":{\"@id\":\"https:\\\/\\\/spnkd.com\\\/fr\\\/conditions-de-vente\\\/#breadcrumb\"},\"inLanguage\":\"fr-FR\",\"potentialAction\":[{\"@type\":\"ReadAction\",\"target\":[\"https:\\\/\\\/spnkd.com\\\/fr\\\/conditions-de-vente\\\/\"]}]},{\"@type\":\"ImageObject\",\"inLanguage\":\"fr-FR\",\"@id\":\"https:\\\/\\\/spnkd.com\\\/fr\\\/conditions-de-vente\\\/#primaryimage\",\"url\":\"https:\\\/\\\/spnkd.com\\\/wp-content\\\/uploads\\\/2021\\\/01\\\/Blog-1.jpg\",\"contentUrl\":\"https:\\\/\\\/spnkd.com\\\/wp-content\\\/uploads\\\/2021\\\/01\\\/Blog-1.jpg\",\"width\":1500,\"height\":1000},{\"@type\":\"BreadcrumbList\",\"@id\":\"https:\\\/\\\/spnkd.com\\\/fr\\\/conditions-de-vente\\\/#breadcrumb\",\"itemListElement\":[{\"@type\":\"ListItem\",\"position\":1,\"name\":\"Home\",\"item\":\"https:\\\/\\\/spnkd.com\\\/fr\\\/\"},{\"@type\":\"ListItem\",\"position\":2,\"name\":\"Conditions de vente\"}]},{\"@type\":\"WebSite\",\"@id\":\"https:\\\/\\\/spnkd.com\\\/fr\\\/#website\",\"url\":\"https:\\\/\\\/spnkd.com\\\/fr\\\/\",\"name\":\"SPNKD\",\"description\":\"\",\"publisher\":{\"@id\":\"https:\\\/\\\/spnkd.com\\\/fr\\\/#organization\"},\"potentialAction\":[{\"@type\":\"SearchAction\",\"target\":{\"@type\":\"EntryPoint\",\"urlTemplate\":\"https:\\\/\\\/spnkd.com\\\/fr\\\/?s={search_term_string}\"},\"query-input\":{\"@type\":\"PropertyValueSpecification\",\"valueRequired\":true,\"valueName\":\"search_term_string\"}}],\"inLanguage\":\"fr-FR\"},{\"@type\":\"Organization\",\"@id\":\"https:\\\/\\\/spnkd.com\\\/fr\\\/#organization\",\"name\":\"SPNKD\",\"url\":\"https:\\\/\\\/spnkd.com\\\/fr\\\/\",\"logo\":{\"@type\":\"ImageObject\",\"inLanguage\":\"fr-FR\",\"@id\":\"https:\\\/\\\/spnkd.com\\\/fr\\\/#\\\/schema\\\/logo\\\/image\\\/\",\"url\":\"https:\\\/\\\/spnkd.com\\\/wp-content\\\/uploads\\\/2021\\\/06\\\/cropped-favicon.png\",\"contentUrl\":\"https:\\\/\\\/spnkd.com\\\/wp-content\\\/uploads\\\/2021\\\/06\\\/cropped-favicon.png\",\"width\":512,\"height\":512,\"caption\":\"SPNKD\"},\"image\":{\"@id\":\"https:\\\/\\\/spnkd.com\\\/fr\\\/#\\\/schema\\\/logo\\\/image\\\/\"},\"sameAs\":[\"https:\\\/\\\/www.facebook.com\\\/SPNKD.Antwerp\",\"https:\\\/\\\/x.com\\\/SPNKD_Antwerp\",\"https:\\\/\\\/www.instagram.com\\\/spnkd\\\/\"]}]}<\/script>\n<!-- \/ Yoast SEO plugin. -->","yoast_head_json":{"title":"Conditions de vente - SPNKD","description":"Votre droit d\u2019annuler une commande Nous voulons que vous soyez enti\u00e8rement satisfait \u00e0 chaque fois que vous effectuez des achats chez SPNKD. Si, pour","robots":{"index":"noindex","follow":"follow"},"og_locale":"fr_FR","og_type":"article","og_title":"Conditions de vente - SPNKD","og_description":"Votre droit d\u2019annuler une commande Nous voulons que vous soyez enti\u00e8rement satisfait \u00e0 chaque fois que vous effectuez des achats chez SPNKD. Si, pour","og_url":"https:\/\/spnkd.com\/fr\/conditions-de-vente\/","og_site_name":"SPNKD","article_publisher":"https:\/\/www.facebook.com\/SPNKD.Antwerp","article_modified_time":"2021-06-18T13:24:57+00:00","og_image":[{"width":1500,"height":1000,"url":"https:\/\/spnkd.com\/wp-content\/uploads\/2021\/01\/Blog-1.jpg","type":"image\/jpeg"}],"twitter_card":"summary_large_image","twitter_site":"@SPNKD_Antwerp","twitter_misc":{"Dur\u00e9e de lecture estim\u00e9e":"4 minutes"},"schema":{"@context":"https:\/\/schema.org","@graph":[{"@type":"WebPage","@id":"https:\/\/spnkd.com\/fr\/conditions-de-vente\/","url":"https:\/\/spnkd.com\/fr\/conditions-de-vente\/","name":"Conditions de vente - SPNKD","isPartOf":{"@id":"https:\/\/spnkd.com\/fr\/#website"},"primaryImageOfPage":{"@id":"https:\/\/spnkd.com\/fr\/conditions-de-vente\/#primaryimage"},"image":{"@id":"https:\/\/spnkd.com\/fr\/conditions-de-vente\/#primaryimage"},"thumbnailUrl":"https:\/\/spnkd.com\/wp-content\/uploads\/2021\/01\/Blog-1.jpg","datePublished":"2021-04-09T12:04:43+00:00","dateModified":"2021-06-18T13:24:57+00:00","description":"Votre droit d\u2019annuler une commande Nous voulons que vous soyez enti\u00e8rement satisfait \u00e0 chaque fois que vous effectuez des achats chez SPNKD. Si, pour","breadcrumb":{"@id":"https:\/\/spnkd.com\/fr\/conditions-de-vente\/#breadcrumb"},"inLanguage":"fr-FR","potentialAction":[{"@type":"ReadAction","target":["https:\/\/spnkd.com\/fr\/conditions-de-vente\/"]}]},{"@type":"ImageObject","inLanguage":"fr-FR","@id":"https:\/\/spnkd.com\/fr\/conditions-de-vente\/#primaryimage","url":"https:\/\/spnkd.com\/wp-content\/uploads\/2021\/01\/Blog-1.jpg","contentUrl":"https:\/\/spnkd.com\/wp-content\/uploads\/2021\/01\/Blog-1.jpg","width":1500,"height":1000},{"@type":"BreadcrumbList","@id":"https:\/\/spnkd.com\/fr\/conditions-de-vente\/#breadcrumb","itemListElement":[{"@type":"ListItem","position":1,"name":"Home","item":"https:\/\/spnkd.com\/fr\/"},{"@type":"ListItem","position":2,"name":"Conditions de vente"}]},{"@type":"WebSite","@id":"https:\/\/spnkd.com\/fr\/#website","url":"https:\/\/spnkd.com\/fr\/","name":"SPNKD","description":"","publisher":{"@id":"https:\/\/spnkd.com\/fr\/#organization"},"potentialAction":[{"@type":"SearchAction","target":{"@type":"EntryPoint","urlTemplate":"https:\/\/spnkd.com\/fr\/?s={search_term_string}"},"query-input":{"@type":"PropertyValueSpecification","valueRequired":true,"valueName":"search_term_string"}}],"inLanguage":"fr-FR"},{"@type":"Organization","@id":"https:\/\/spnkd.com\/fr\/#organization","name":"SPNKD","url":"https:\/\/spnkd.com\/fr\/","logo":{"@type":"ImageObject","inLanguage":"fr-FR","@id":"https:\/\/spnkd.com\/fr\/#\/schema\/logo\/image\/","url":"https:\/\/spnkd.com\/wp-content\/uploads\/2021\/06\/cropped-favicon.png","contentUrl":"https:\/\/spnkd.com\/wp-content\/uploads\/2021\/06\/cropped-favicon.png","width":512,"height":512,"caption":"SPNKD"},"image":{"@id":"https:\/\/spnkd.com\/fr\/#\/schema\/logo\/image\/"},"sameAs":["https:\/\/www.facebook.com\/SPNKD.Antwerp","https:\/\/x.com\/SPNKD_Antwerp","https:\/\/www.instagram.com\/spnkd\/"]}]}},"_links":{"self":[{"href":"https:\/\/spnkd.com\/fr\/wp-json\/wp\/v2\/pages\/1366","targetHints":{"allow":["GET"]}}],"collection":[{"href":"https:\/\/spnkd.com\/fr\/wp-json\/wp\/v2\/pages"}],"about":[{"href":"https:\/\/spnkd.com\/fr\/wp-json\/wp\/v2\/types\/page"}],"author":[{"embeddable":true,"href":"https:\/\/spnkd.com\/fr\/wp-json\/wp\/v2\/users\/1"}],"replies":[{"embeddable":true,"href":"https:\/\/spnkd.com\/fr\/wp-json\/wp\/v2\/comments?post=1366"}],"version-history":[{"count":5,"href":"https:\/\/spnkd.com\/fr\/wp-json\/wp\/v2\/pages\/1366\/revisions"}],"predecessor-version":[{"id":2052,"href":"https:\/\/spnkd.com\/fr\/wp-json\/wp\/v2\/pages\/1366\/revisions\/2052"}],"wp:featuredmedia":[{"embeddable":true,"href":"https:\/\/spnkd.com\/fr\/wp-json\/wp\/v2\/media\/577"}],"wp:attachment":[{"href":"https:\/\/spnkd.com\/fr\/wp-json\/wp\/v2\/media?parent=1366"}],"curies":[{"name":"wp","href":"https:\/\/api.w.org\/{rel}","templated":true}]}}