{"id":803,"date":"2021-04-01T08:44:01","date_gmt":"2021-04-01T08:44:01","guid":{"rendered":"https:\/\/spnkd.com\/?page_id=803"},"modified":"2021-06-21T09:57:53","modified_gmt":"2021-06-21T09:57:53","slug":"hausordnung","status":"publish","type":"page","link":"https:\/\/spnkd.com\/de\/hausordnung\/","title":{"rendered":"Hausordnung"},"content":{"rendered":"\n<h2 class=\"wp-block-heading\">Aufenthalt im SPNKD-Loft&nbsp;<\/h2>\n\n\n\n<p>Das SPNKD-Loft wird f\u00fcr Erholungsaufenthalte vermietet. Nicht f\u00fcr kommerzielle Angelegenheiten.&nbsp;<\/p>\n\n\n\n<p>Bitte beachten Sie, dass jede zus\u00e4tzliche Person, die sich im SPNKD-Loft aufh\u00e4lt und\/oder es besucht, bei der Buchung als zus\u00e4tzliche Person eingecheckt werden muss. Die eincheckende Person, der Partyleiter, ist verantwortlich f\u00fcr alle Personen, die sich w\u00e4hrend des gebuchten und bezahlten Zeitraums im SPNKD-Loft aufhalten und es besuchen.&nbsp;<\/p>\n\n\n\n<h2 class=\"wp-block-heading\">Hausordnung<\/h2>\n\n\n\n<p>Nur Erwachsene (18+) sind im SPNKD-Loft erlaubt.&nbsp;<\/p>\n\n\n\n<p>Drogen (Konsum, Besitz und Verkauf jeglicher Art) und Prostitution werden bei SPNKD nicht toleriert.&nbsp;<\/p>\n\n\n\n<p>Im Geb\u00e4ude sind keine Tiere erlaubt (ausgenommen Blindenhunde), sofern nicht anders mit SPNKD vereinbart.<\/p>\n\n\n\n<p>Bitte beachten Sie, dass sich das SPNKD-Loft in einem Wohngebiet befindet. G\u00e4ste, die das SPNKD-Loft nutzen, sollten die ruhige Umgebung der Nachbarn und des Parkplatzes nicht st\u00f6ren. Bitte parken Sie auf den ausgewiesenen Parkpl\u00e4tzen.&nbsp;<\/p>\n\n\n\n<p>Nutzen Sie unser Loft zum Ausleben Ihrer W\u00fcnsche, aber nicht zum Rauchen. Es gibt einen Raucherbereich drau\u00dfen auf der Terrasse. Wenn Sie innerhalb des Loft rauchen oder den Rauchmelder manipulieren, werden wir Ihnen eine Geb\u00fchr&nbsp;von 200 \u20ac&nbsp;berechnen.&nbsp;<\/p>\n\n\n\n<p>Offenes Feuer ist nicht erlaubt. Das Abbrennen von Kerzen ist erlaubt, das Spielen mit Kerzen nicht. Eine zus\u00e4tzliche Geb\u00fchr von&nbsp;50 \u20ac&nbsp;wird berechnet, wenn die Entfernung von Kerzenwachs notwendig ist.&nbsp;<\/p>\n\n\n\n<p>Beim Verlassen des SPNKD-Loft wird von den G\u00e4sten erwartet, dass sie den Schl\u00fcssel im Inneren auf dem daf\u00fcr vorgesehenen Platz hinterlassen, \u00fcberpr\u00fcfen, ob alle Lichter aus sind und die T\u00fcr richtig geschlossen ist. Die Hauptbeleuchtung wird durch Bet\u00e4tigung der &#8216;X&#8217;-Taste an der Ausgangst\u00fcr ausgeschaltet.&nbsp;<\/p>\n\n\n\n<p>Bitte behandeln Sie den Schl\u00fcssel mit Sorgfalt. Bei Verlust des SPNKD-Loft-Schl\u00fcssels wird eine zus\u00e4tzliche Geb\u00fchr von&nbsp;50 \u20ac erhoben.&nbsp;<\/p>\n\n\n\n<h3 class=\"wp-block-heading\">Vorhandene Werkzeuge<\/h3>\n\n\n\n<p>Der SPNKD-Gast best\u00e4tigt die Kenntnis und Nutzung der bereitgestellten Werkzeuge, Materialien und Ger\u00e4te. Bitte denken Sie daran, dass die eincheckende Person, der Partyleiter, f\u00fcr alle Verletzungen von G\u00e4sten verantwortlich ist, die w\u00e4hrend des Aufenthalts im SPNKD Loft durch Ihr Verschulden oder durch Verschulden der Person(en), f\u00fcr die Sie verantwortlich sind, verursacht werden.&nbsp;<\/p>\n\n\n\n<p>Weitere Erl\u00e4uterungen zu den bereitgestellten Werkzeugen finden Sie in der Werkzeuginfoliste.&nbsp;<\/p>\n\n\n\n<h3 class=\"wp-block-heading\">Sch\u00e4den und Verletzungen&nbsp;<\/h3>\n\n\n\n<p>Der Gast sollte SPNKD sofort benachrichtigen, wenn er einen Schaden bemerkt oder wenn etwas im SPNKD-Loft oder in den \u00fcbrigen R\u00e4umlichkeiten w\u00e4hrend seines Aufenthalts nicht wie erwartet funktioniert.&nbsp;<\/p>\n\n\n\n<p>SPNKD ist nicht verantwortlich f\u00fcr den Verlust oder die Besch\u00e4digung von Gegenst\u00e4nden, die von G\u00e4sten in das SPNKD-Loft mitgebracht werden.&nbsp;<\/p>\n\n\n\n<p>Der SPNKD-Gast haftet finanziell f\u00fcr Diebstahl, Besch\u00e4digung und\/oder Zerst\u00f6rung des SPNKD-Lofts, der Einrichtung, der zur Verf\u00fcgung gestellten Ausstattung und der technischen Ger\u00e4te durch sein Verschulden oder durch das Verschulden der Person(en), f\u00fcr die Sie verantwortlich sind.&nbsp;<\/p>\n\n\n\n<p>Die Kosten f\u00fcr Sch\u00e4den und Diebstahl werden von der im Voraus bezahlten Kaution abgezogen. Dies hindert uns jedoch nicht daran, bei schweren Sch\u00e4den einen Aufpreis zu berechnen.&nbsp;<\/p>\n\n\n\n<p>SPNKD ist nicht verantwortlich f\u00fcr Verletzungen von G\u00e4sten und Besuchern, die w\u00e4hrend des Aufenthaltes im SPNKD-Loft durch Ihr Verschulden oder durch das Verschulden der Person(en), f\u00fcr die Sie verantwortlich sind, entstehen.&nbsp;<\/p>\n\n\n\n<p>Bitte denken Sie daran, dass die Person, die eincheckt, der Partyleiter, f\u00fcr alle G\u00e4ste im SPNKD-Loft w\u00e4hrend des gebuchten und bezahlten Zeitraums verantwortlich ist.&nbsp;<\/p>\n\n\n\n<p>SPNKD kann die Aufnahme von G\u00e4sten verweigern, die w\u00e4hrend des letzten Aufenthalts grob gegen die SPNKD-Hausordnung versto\u00dfen haben, indem sie das SPNKD-Loft besch\u00e4digt oder anderen G\u00e4sten, SPNKD-Eigent\u00fcmern\/Mitarbeitern Schaden zugef\u00fcgt haben oder auf andere Weise das Eigentum der Nachbarn oder die Funktionsf\u00e4higkeit von SPNKD besch\u00e4digt haben.&nbsp;<\/p>\n\n\n\n<h3 class=\"wp-block-heading\">Minibar&nbsp;<\/h3>\n\n\n\n<p>Es gibt eine Minibar mit Wasser, alkoholfreien Getr\u00e4nken und alkoholischen Getr\u00e4nken, Kaffee und Tee. Einige Snacks werden bereitgestellt. Alles kostenlos. Nur bei \u00fcberm\u00e4\u00dfigem Alkoholkonsum wird eine zus\u00e4tzliche Geb\u00fchr erhoben.<\/p>\n\n\n\n<h3 class=\"wp-block-heading\">Verbreitung von Fotos<\/h3>\n\n\n\n<p>Bitte verbreiten Sie keine Fotos, die im SPNKD-Loft aufgenommen wurden, ohne Erlaubnis von SPNKD kommerziell.&nbsp;<\/p>\n","protected":false},"excerpt":{"rendered":"<p>Aufenthalt im SPNKD-Loft&nbsp; Das SPNKD-Loft wird f\u00fcr Erholungsaufenthalte vermietet. Nicht f\u00fcr kommerzielle Angelegenheiten.&nbsp; Bitte beachten Sie, dass jede zus\u00e4tzliche Person, die sich im SPNKD-Loft aufh\u00e4lt und\/oder es besucht, bei der Buchung als zus\u00e4tzliche Person eingecheckt werden muss. Die eincheckende Person, der Partyleiter, ist verantwortlich f\u00fcr alle Personen, die sich w\u00e4hrend des gebuchten und bezahlten Zeitraums [&hellip;]<\/p>\n","protected":false},"author":1,"featured_media":148,"parent":0,"menu_order":5,"comment_status":"closed","ping_status":"open","template":"template_text.php","meta":{"_acf_changed":false,"footnotes":""},"class_list":["post-803","page","type-page","status-publish","has-post-thumbnail","hentry"],"acf":[],"yoast_head":"<!-- This site is optimized with the Yoast SEO plugin v27.4 - https:\/\/yoast.com\/product\/yoast-seo-wordpress\/ -->\n<title>Hausordnung - SPNKD<\/title>\n<meta name=\"description\" content=\"Aufenthalt im SPNKD-Loft&nbsp; Das SPNKD-Loft wird f\u00fcr Erholungsaufenthalte vermietet. Nicht f\u00fcr kommerzielle Angelegenheiten.&nbsp; Bitte beachten Sie,\" \/>\n<meta name=\"robots\" content=\"noindex, follow\" \/>\n<meta property=\"og:locale\" content=\"de_DE\" \/>\n<meta property=\"og:type\" content=\"article\" \/>\n<meta property=\"og:title\" content=\"Hausordnung - SPNKD\" \/>\n<meta property=\"og:description\" content=\"Aufenthalt im SPNKD-Loft&nbsp; Das SPNKD-Loft wird f\u00fcr Erholungsaufenthalte vermietet. Nicht f\u00fcr kommerzielle Angelegenheiten.&nbsp; Bitte beachten Sie,\" \/>\n<meta property=\"og:url\" content=\"https:\/\/spnkd.com\/de\/hausordnung\/\" \/>\n<meta property=\"og:site_name\" content=\"SPNKD\" \/>\n<meta property=\"article:publisher\" content=\"https:\/\/www.facebook.com\/SPNKD.Antwerp\" \/>\n<meta property=\"article:modified_time\" content=\"2021-06-21T09:57:53+00:00\" \/>\n<meta property=\"og:image\" content=\"https:\/\/spnkd.com\/wp-content\/uploads\/2021\/01\/Blog-1.jpg\" \/>\n\t<meta property=\"og:image:width\" content=\"1500\" \/>\n\t<meta property=\"og:image:height\" content=\"1000\" \/>\n\t<meta property=\"og:image:type\" content=\"image\/jpeg\" \/>\n<meta name=\"twitter:card\" content=\"summary_large_image\" \/>\n<meta name=\"twitter:site\" content=\"@SPNKD_Antwerp\" \/>\n<meta name=\"twitter:label1\" content=\"Gesch\u00e4tzte Lesezeit\" \/>\n\t<meta name=\"twitter:data1\" content=\"3 minutes\" \/>\n<script type=\"application\/ld+json\" class=\"yoast-schema-graph\">{\"@context\":\"https:\\\/\\\/schema.org\",\"@graph\":[{\"@type\":\"WebPage\",\"@id\":\"https:\\\/\\\/spnkd.com\\\/de\\\/hausordnung\\\/\",\"url\":\"https:\\\/\\\/spnkd.com\\\/de\\\/hausordnung\\\/\",\"name\":\"Hausordnung - SPNKD\",\"isPartOf\":{\"@id\":\"https:\\\/\\\/spnkd.com\\\/de\\\/#website\"},\"primaryImageOfPage\":{\"@id\":\"https:\\\/\\\/spnkd.com\\\/de\\\/hausordnung\\\/#primaryimage\"},\"image\":{\"@id\":\"https:\\\/\\\/spnkd.com\\\/de\\\/hausordnung\\\/#primaryimage\"},\"thumbnailUrl\":\"https:\\\/\\\/spnkd.com\\\/wp-content\\\/uploads\\\/2021\\\/01\\\/Blog-1.jpg\",\"datePublished\":\"2021-04-01T08:44:01+00:00\",\"dateModified\":\"2021-06-21T09:57:53+00:00\",\"description\":\"Aufenthalt im SPNKD-Loft&nbsp; Das SPNKD-Loft wird f\u00fcr Erholungsaufenthalte vermietet. Nicht f\u00fcr kommerzielle Angelegenheiten.&nbsp; Bitte beachten Sie,\",\"breadcrumb\":{\"@id\":\"https:\\\/\\\/spnkd.com\\\/de\\\/hausordnung\\\/#breadcrumb\"},\"inLanguage\":\"de-DE\",\"potentialAction\":[{\"@type\":\"ReadAction\",\"target\":[\"https:\\\/\\\/spnkd.com\\\/de\\\/hausordnung\\\/\"]}]},{\"@type\":\"ImageObject\",\"inLanguage\":\"de-DE\",\"@id\":\"https:\\\/\\\/spnkd.com\\\/de\\\/hausordnung\\\/#primaryimage\",\"url\":\"https:\\\/\\\/spnkd.com\\\/wp-content\\\/uploads\\\/2021\\\/01\\\/Blog-1.jpg\",\"contentUrl\":\"https:\\\/\\\/spnkd.com\\\/wp-content\\\/uploads\\\/2021\\\/01\\\/Blog-1.jpg\",\"width\":1500,\"height\":1000},{\"@type\":\"BreadcrumbList\",\"@id\":\"https:\\\/\\\/spnkd.com\\\/de\\\/hausordnung\\\/#breadcrumb\",\"itemListElement\":[{\"@type\":\"ListItem\",\"position\":1,\"name\":\"Home\",\"item\":\"https:\\\/\\\/spnkd.com\\\/de\\\/\"},{\"@type\":\"ListItem\",\"position\":2,\"name\":\"Hausordnung\"}]},{\"@type\":\"WebSite\",\"@id\":\"https:\\\/\\\/spnkd.com\\\/de\\\/#website\",\"url\":\"https:\\\/\\\/spnkd.com\\\/de\\\/\",\"name\":\"SPNKD\",\"description\":\"\",\"publisher\":{\"@id\":\"https:\\\/\\\/spnkd.com\\\/de\\\/#organization\"},\"potentialAction\":[{\"@type\":\"SearchAction\",\"target\":{\"@type\":\"EntryPoint\",\"urlTemplate\":\"https:\\\/\\\/spnkd.com\\\/de\\\/?s={search_term_string}\"},\"query-input\":{\"@type\":\"PropertyValueSpecification\",\"valueRequired\":true,\"valueName\":\"search_term_string\"}}],\"inLanguage\":\"de-DE\"},{\"@type\":\"Organization\",\"@id\":\"https:\\\/\\\/spnkd.com\\\/de\\\/#organization\",\"name\":\"SPNKD\",\"url\":\"https:\\\/\\\/spnkd.com\\\/de\\\/\",\"logo\":{\"@type\":\"ImageObject\",\"inLanguage\":\"de-DE\",\"@id\":\"https:\\\/\\\/spnkd.com\\\/de\\\/#\\\/schema\\\/logo\\\/image\\\/\",\"url\":\"https:\\\/\\\/spnkd.com\\\/wp-content\\\/uploads\\\/2021\\\/06\\\/cropped-favicon.png\",\"contentUrl\":\"https:\\\/\\\/spnkd.com\\\/wp-content\\\/uploads\\\/2021\\\/06\\\/cropped-favicon.png\",\"width\":512,\"height\":512,\"caption\":\"SPNKD\"},\"image\":{\"@id\":\"https:\\\/\\\/spnkd.com\\\/de\\\/#\\\/schema\\\/logo\\\/image\\\/\"},\"sameAs\":[\"https:\\\/\\\/www.facebook.com\\\/SPNKD.Antwerp\",\"https:\\\/\\\/x.com\\\/SPNKD_Antwerp\",\"https:\\\/\\\/www.instagram.com\\\/spnkd\\\/\"]}]}<\/script>\n<!-- \/ Yoast SEO plugin. -->","yoast_head_json":{"title":"Hausordnung - SPNKD","description":"Aufenthalt im SPNKD-Loft&nbsp; Das SPNKD-Loft wird f\u00fcr Erholungsaufenthalte vermietet. Nicht f\u00fcr kommerzielle Angelegenheiten.&nbsp; Bitte beachten Sie,","robots":{"index":"noindex","follow":"follow"},"og_locale":"de_DE","og_type":"article","og_title":"Hausordnung - SPNKD","og_description":"Aufenthalt im SPNKD-Loft&nbsp; Das SPNKD-Loft wird f\u00fcr Erholungsaufenthalte vermietet. Nicht f\u00fcr kommerzielle Angelegenheiten.&nbsp; Bitte beachten Sie,","og_url":"https:\/\/spnkd.com\/de\/hausordnung\/","og_site_name":"SPNKD","article_publisher":"https:\/\/www.facebook.com\/SPNKD.Antwerp","article_modified_time":"2021-06-21T09:57:53+00:00","og_image":[{"width":1500,"height":1000,"url":"https:\/\/spnkd.com\/wp-content\/uploads\/2021\/01\/Blog-1.jpg","type":"image\/jpeg"}],"twitter_card":"summary_large_image","twitter_site":"@SPNKD_Antwerp","twitter_misc":{"Gesch\u00e4tzte Lesezeit":"3 minutes"},"schema":{"@context":"https:\/\/schema.org","@graph":[{"@type":"WebPage","@id":"https:\/\/spnkd.com\/de\/hausordnung\/","url":"https:\/\/spnkd.com\/de\/hausordnung\/","name":"Hausordnung - SPNKD","isPartOf":{"@id":"https:\/\/spnkd.com\/de\/#website"},"primaryImageOfPage":{"@id":"https:\/\/spnkd.com\/de\/hausordnung\/#primaryimage"},"image":{"@id":"https:\/\/spnkd.com\/de\/hausordnung\/#primaryimage"},"thumbnailUrl":"https:\/\/spnkd.com\/wp-content\/uploads\/2021\/01\/Blog-1.jpg","datePublished":"2021-04-01T08:44:01+00:00","dateModified":"2021-06-21T09:57:53+00:00","description":"Aufenthalt im SPNKD-Loft&nbsp; Das SPNKD-Loft wird f\u00fcr Erholungsaufenthalte vermietet. Nicht f\u00fcr kommerzielle Angelegenheiten.&nbsp; Bitte beachten Sie,","breadcrumb":{"@id":"https:\/\/spnkd.com\/de\/hausordnung\/#breadcrumb"},"inLanguage":"de-DE","potentialAction":[{"@type":"ReadAction","target":["https:\/\/spnkd.com\/de\/hausordnung\/"]}]},{"@type":"ImageObject","inLanguage":"de-DE","@id":"https:\/\/spnkd.com\/de\/hausordnung\/#primaryimage","url":"https:\/\/spnkd.com\/wp-content\/uploads\/2021\/01\/Blog-1.jpg","contentUrl":"https:\/\/spnkd.com\/wp-content\/uploads\/2021\/01\/Blog-1.jpg","width":1500,"height":1000},{"@type":"BreadcrumbList","@id":"https:\/\/spnkd.com\/de\/hausordnung\/#breadcrumb","itemListElement":[{"@type":"ListItem","position":1,"name":"Home","item":"https:\/\/spnkd.com\/de\/"},{"@type":"ListItem","position":2,"name":"Hausordnung"}]},{"@type":"WebSite","@id":"https:\/\/spnkd.com\/de\/#website","url":"https:\/\/spnkd.com\/de\/","name":"SPNKD","description":"","publisher":{"@id":"https:\/\/spnkd.com\/de\/#organization"},"potentialAction":[{"@type":"SearchAction","target":{"@type":"EntryPoint","urlTemplate":"https:\/\/spnkd.com\/de\/?s={search_term_string}"},"query-input":{"@type":"PropertyValueSpecification","valueRequired":true,"valueName":"search_term_string"}}],"inLanguage":"de-DE"},{"@type":"Organization","@id":"https:\/\/spnkd.com\/de\/#organization","name":"SPNKD","url":"https:\/\/spnkd.com\/de\/","logo":{"@type":"ImageObject","inLanguage":"de-DE","@id":"https:\/\/spnkd.com\/de\/#\/schema\/logo\/image\/","url":"https:\/\/spnkd.com\/wp-content\/uploads\/2021\/06\/cropped-favicon.png","contentUrl":"https:\/\/spnkd.com\/wp-content\/uploads\/2021\/06\/cropped-favicon.png","width":512,"height":512,"caption":"SPNKD"},"image":{"@id":"https:\/\/spnkd.com\/de\/#\/schema\/logo\/image\/"},"sameAs":["https:\/\/www.facebook.com\/SPNKD.Antwerp","https:\/\/x.com\/SPNKD_Antwerp","https:\/\/www.instagram.com\/spnkd\/"]}]}},"_links":{"self":[{"href":"https:\/\/spnkd.com\/de\/wp-json\/wp\/v2\/pages\/803","targetHints":{"allow":["GET"]}}],"collection":[{"href":"https:\/\/spnkd.com\/de\/wp-json\/wp\/v2\/pages"}],"about":[{"href":"https:\/\/spnkd.com\/de\/wp-json\/wp\/v2\/types\/page"}],"author":[{"embeddable":true,"href":"https:\/\/spnkd.com\/de\/wp-json\/wp\/v2\/users\/1"}],"replies":[{"embeddable":true,"href":"https:\/\/spnkd.com\/de\/wp-json\/wp\/v2\/comments?post=803"}],"version-history":[{"count":5,"href":"https:\/\/spnkd.com\/de\/wp-json\/wp\/v2\/pages\/803\/revisions"}],"predecessor-version":[{"id":2250,"href":"https:\/\/spnkd.com\/de\/wp-json\/wp\/v2\/pages\/803\/revisions\/2250"}],"wp:featuredmedia":[{"embeddable":true,"href":"https:\/\/spnkd.com\/de\/wp-json\/wp\/v2\/media\/148"}],"wp:attachment":[{"href":"https:\/\/spnkd.com\/de\/wp-json\/wp\/v2\/media?parent=803"}],"curies":[{"name":"wp","href":"https:\/\/api.w.org\/{rel}","templated":true}]}}