{"id":795,"date":"2021-04-01T08:40:13","date_gmt":"2021-04-01T08:40:13","guid":{"rendered":"https:\/\/spnkd.com\/?page_id=795"},"modified":"2024-03-15T19:50:04","modified_gmt":"2024-03-15T19:50:04","slug":"allgemeine-geschaeftsbedingungen-agb","status":"publish","type":"page","link":"https:\/\/spnkd.com\/de\/allgemeine-geschaeftsbedingungen-agb\/","title":{"rendered":"Allgemeine Gesch\u00e4ftsbedingungen (AGB)"},"content":{"rendered":"\n<h2 class=\"wp-block-heading\">Allgemeine Informationen zu Buchungen<\/h2>\n\n\n\n<h3 class=\"wp-block-heading\">Wann Sie kommen und wann Sie gehen<\/h3>\n\n\n\n<p>Wir werden Sie pers\u00f6nlich im SPNKD begr\u00fc\u00dfen. Daher bitten wir Sie, Ihre voraussichtliche Ankunftszeit per SMS.<\/p>\n\n\n\n<p>Bitte verlassen Sie das Loft vor der Check-out-Zeit. Wird das Zimmer erst sp\u00e4ter ger\u00e4umt, ist SPNKD berechtigt, die zus\u00e4tzliche Nutzung des Zimmers in H\u00f6he von 50 \u20ac pro zus\u00e4tzlicher Stunde in Rechnung zu stellen.<\/p>\n\n\n\n<p>Der Gastgeber wird SPNKD verlassen, wenn Sie 30 Minuten nach der vereinbarten Zeit nicht angekommen sind. Der Gastgeber wird zur\u00fcckkommen, um Sie zu begr\u00fc\u00dfen, sobald Sie Ihre Ankunft bei SPNKD best\u00e4tigen. F\u00fcr eine versp\u00e4tete Ankunft berechnen wir 25 \u20ac. Sie k\u00f6nnen Ihre Ankunftszeit \u00e4ndern, indem Sie mindestens 1 Stunde vor der vereinbarten Zeit eine Textnachricht senden.<\/p>\n\n\n\n<p>G\u00e4ste, die nicht innerhalb von 2 Stunden nach der vereinbarten Zeit bei SPNKD erscheinen, ohne uns zu kontaktieren, werden als &#8220;No Show&#8221; betrachtet. Ihre Buchung wird automatisch storniert, ohne dass die Buchung zur\u00fcckerstattet wird. Reinigungsgeb\u00fchren, Garantiekaution und andere optionale Bestellungen werden bei Stornierung vollst\u00e4ndig zur\u00fcckerstattet.<\/p>\n\n\n\n<p>Die Adresse des SPNKD-Loft erhalten Sie nach der Buchung.<\/p>\n\n\n\n<h3 class=\"wp-block-heading\">Parken<\/h3>\n\n\n\n<p>An Wochenenden&nbsp;(von Freitagabend 18:00 Uhr bis Montag 9:00 Uhr) und an Abenden ab 18:00 Uhr k\u00f6nnen Sie Ihr Auto gerne in der Garage parken.<\/p>\n\n\n\n<p>Unter der Woche stehen zwischen 9:00 Uhr und 18:00 Uhr im Innenbereich keine Parkpl\u00e4tze zur Verf\u00fcgung. Sie k\u00f6nnen in der Umgebung Parkpl\u00e4tze auf der Stra\u00dfe finden.&nbsp;<\/p>\n\n\n\n<h3 class=\"wp-block-heading\">Preise<\/h3>\n\n\n\n<p>Unsere Preise beinhalten Mehrwertsteuer, andere Steuern und Reinigung. Wir m\u00f6gen es, die Dinge einfach zu halten.<\/p>\n\n\n\n<h3 class=\"wp-block-heading\">Hausordnung<\/h3>\n\n\n\n<p>Bitte beachten Sie unsere&nbsp;Hausordnung, wenn Sie im SPNKD wohnen.&nbsp;&nbsp;<\/p>\n\n\n\n<h3 class=\"wp-block-heading\">Verteilung der Bilder<\/h3>\n\n\n\n<p>Mit der Annahme der allgemeinen Richtlinien erkl\u00e4ren Sie sich damit einverstanden, die in den SPNKD-Lofts aufgenommenen Bilder nicht ohne Genehmigung zu verbreiten.&nbsp;<\/p>\n\n\n\n<h2 class=\"wp-block-heading\">Fotoshootings<\/h2>\n\n\n\n<p>Wir lieben Kreativit\u00e4t und wir unterst\u00fctzen die Ersteller von Inhalten.<\/p>\n\n\n\n<p>Organisierte Fotoshootings sind ausschlie\u00dflich f\u00fcr Arbeit, nicht zum Spielen gedacht. Sie k\u00f6nnen Spiel-Sessions gerne separat buchen. Die Nutzung von Handt\u00fcchern und Kimonos ist nicht inbegriffen. Anfragen f\u00fcr Pornografie- oder Escort-Werbe-Shootings werden abgelehnt.<\/p>\n\n\n\n<p>Der Ersteller von Inhalten darf weder in die Privatsph\u00e4re anderer Personen eindringen noch gegen das Vertraulichkeitsgebot oder geltende Gesetze versto\u00dfen.<\/p>\n\n\n\n<h3 class=\"wp-block-heading\">Nicht-kommerzielle Aufnahmen<\/h3>\n\n\n\n<p>Wir laden alle ein, das SPNKD Loft zu erkunden \u2013 egal ob Profi, Amateur, Hobbyfotograf oder Instagrammer \u2013 und Fotos f\u00fcr nicht-kommerzielle Zwecke zu machen, d. h. zu Ihrem eigenen Vergn\u00fcgen und Interesse, f\u00fcr Kunst, zur Ver\u00f6ffentlichung auf Ihren Websites\/Blogs\/Social Media usw., aber nicht f\u00fcr finanziellen Gewinn.<\/p>\n\n\n\n<p>Wir erlauben maximal 6 Personen am Set. Bitte kontaktieren Sie uns, wenn Sie Projekte mit mehr Teilnehmern oder Crew haben.<\/p>\n\n\n\n<p>Vergessen Sie nicht, uns zu taggen!<\/p>\n\n\n\n<h3 class=\"wp-block-heading\">Kommerzielle Aufnahmen<\/h3>\n\n\n\n<p>Jede Auftragsarbeit, f\u00fcr die Sie bezahlt werden (Werbung, Marketingmaterial, Fotos oder Videos f\u00fcr ein Unternehmen) oder die Sie speziell zum Verkauf aufnehmen. Der Ersteller der Inhalte erh\u00e4lt die kommerziellen Rechte zur Nutzung der im SPNKD-Loft aufgenommenen Bilder.<\/p>\n\n\n\n<p>Wir erlauben maximal 6 Personen am Set. Bitte kontaktieren Sie uns, wenn Sie Projekte mit mehr Teilnehmern oder Crew haben.&nbsp;<\/p>\n\n\n\n<h2 class=\"wp-block-heading\">Gesch\u00e4ftsbedingungen<\/h2>\n\n\n\n<h3 class=\"wp-block-heading\">Nur Erwachsene<\/h3>\n\n\n\n<p>Nur Erwachsene (18+) sind im SPNKD-Spielzimmer erlaubt.<\/p>\n\n\n\n<p>Im Geb\u00e4ude sind keine Tiere erlaubt (ausgenommen Blindenhunde), sofern nicht anders mit SPNKD vereinbart.<\/p>\n\n\n\n<h3 class=\"wp-block-heading\">Haftung<\/h3>\n\n\n\n<p>Wir ersetzen nur Sch\u00e4den, die von unseren Mitarbeitern vors\u00e4tzlich oder grob fahrl\u00e4ssig verursacht wurden. Jegliche Haftung ist maximal auf die H\u00f6he der Gesamtkosten Ihres Aufenthaltes oder Ihrer Veranstaltung beschr\u00e4nkt. Wir haften nicht f\u00fcr Folgesch\u00e4den (z. B. wenn Sie arbeitsunf\u00e4hig werden). Sollten Sie oder Ihre G\u00e4ste in unserem Loft Sch\u00e4den verursachen, so haften Sie f\u00fcr den entstandenen Schaden. Bei geringf\u00fcgigen Sch\u00e4den k\u00f6nnen wir einen Mindestbetrag von&nbsp;200 \u20ac&nbsp;pro Schaden in Rechnung stellen. Sollte es zu einer Reklamation kommen, wird Ihnen dies von unseren Mitarbeitern vorher mitgeteilt. Wir werden den Betrag entweder von Ihrer Garantiekaution abziehen oder eine Rechnung schicken.<\/p>\n\n\n\n<h3 class=\"wp-block-heading\">Uhrzeit der Abfahrt<\/h3>\n\n\n\n<p>Am vereinbarten Abreisetag sind die Zimmer bis zur vereinbarten Check-out-Zeit zu r\u00e4umen. Wird das Zimmer erst sp\u00e4ter ger\u00e4umt, ist SPNKD berechtigt, f\u00fcr die zus\u00e4tzliche Nutzung des Zimmers eine Geb\u00fchr in H\u00f6he von 50 \u20ac pro zus\u00e4tzliche Stunde zu berechnen.<\/p>\n\n\n\n<h3 class=\"wp-block-heading\">Extrem schmutziges Loft<\/h3>\n\n\n\n<p>Falls das Loft extrem verschmutzt hinterlassen wird, wird eine zus\u00e4tzliche Reinigungsgeb\u00fchr von&nbsp;75 \u20ac&nbsp;berechnet.<\/p>\n\n\n\n<h3 class=\"wp-block-heading\">Nutzung der Minibar<\/h3>\n\n\n\n<p>Die Benutzung der Minibar ist kostenlos.&nbsp;<\/p>\n\n\n\n<p>Au\u00dfer bei \u00fcberm\u00e4\u00dfigem Alkoholkonsum. Dann wird eine zus\u00e4tzliche Geb\u00fchr erhoben.<\/p>\n\n\n\n<h3 class=\"wp-block-heading\">R\u00fcckerstattung<\/h3>\n\n\n\n<p>Wenn Sie Ihre Buchung stornieren, erfolgt die R\u00fcckerstattung mit der gleichen Zahlungsmethode, die Sie f\u00fcr die Buchung verwendet haben. Wenn Sie Ihre Buchung \u00e4ndern, wird eine eventuelle R\u00fcckerstattung mit der gleichen Zahlungsmethode vorgenommen, die Sie f\u00fcr die Buchung verwendet haben.<\/p>\n\n\n\n<h3 class=\"wp-block-heading\">Parken<\/h3>\n\n\n\n<p>Das Parken auf unserem Gel\u00e4nde erfolgt auf eigene Gefahr. Eventuell entstehende Kosten, z. B. f\u00fcr Sch\u00e4den am Fahrzeug oder Einbruch, werden nicht \u00fcbernommen.<\/p>\n\n\n\n<p>Das Parken ist nur auf dem ausgewiesenen Parkplatz erlaubt. An Wochentagen von 18:00 Uhr bis 9:00 Uhr. An Wochenenden von Freitag 18:00 Uhr bis Montag 9:00 Uhr.&nbsp;<\/p>\n\n\n\n<p>Eine zus\u00e4tzliche Geb\u00fchr von 50 \u20ac\/Stunde wird erhoben, wenn Sie andere Parkpl\u00e4tze als den SPNKD-Parkplatz nutzen oder Ihr Fahrzeug au\u00dferhalb der angegebenen Zeiten auf dem SPNKD-Parkplatz abstellen. SPNKD beh\u00e4lt sich das Recht vor, Ihr Auto zu entfernen.<\/p>\n\n\n\n<h3 class=\"wp-block-heading\">Zahlung<\/h3>\n\n\n\n<p>Wir akzeptieren nur Zahlungen \u00fcber<\/p>\n\n\n\n<p>&#8211; Kreditkarten<br>&#8211; Bankkarten<br>&#8211; PayPal<br>&#8211; Apple Pay<br>&#8211; iDeal<br>&#8211; SEPA-\u00dcberweisung<\/p>\n\n\n\n<p>Der SPNKD-Gast kann ein Zimmer nicht an dritte Personen \u00fcbergeben, auch wenn der Zeitraum, f\u00fcr den der Gast bezahlt hat, noch nicht abgelaufen ist.&nbsp;<\/p>\n\n\n\n<h3 class=\"wp-block-heading\">Rauchen<\/h3>\n\n\n\n<p>Nutzen Sie unser Loft f\u00fcr das Ausleben Ihrer W\u00fcnsche, aber nicht zum Rauchen. Es gibt einen Raucherbereich drau\u00dfen auf der Terrasse. Wenn Sie innerhalb des Loft rauchen oder den Rauchmelder manipulieren, werden wir Ihnen eine Geb\u00fchr&nbsp;von 200 \u20ac&nbsp;berechnen.&nbsp;<\/p>\n\n\n\n<h3 class=\"wp-block-heading\">Drogen&nbsp;und Prostitution<\/h3>\n\n\n\n<p>Drogen (Konsum, Besitz und Verkauf jeglicher Art) und Prostitution werden bei SPNKD nicht toleriert.<\/p>\n\n\n\n<h3 class=\"wp-block-heading\">Bel\u00e4stigung und unerw\u00fcnschtes Verhalten<\/h3>\n\n\n\n<p>SPNKD beh\u00e4lt sich das Recht vor, Personen, die bel\u00e4stigendes und \/ oder beleidigendes oder diskriminierendes Verhalten gegen\u00fcber anderen G\u00e4sten und \/ oder Mitarbeitern von SPNKD an den Tag legen, sofort des Grundst\u00fccks zu verweisen. Wenn SPNKD es f\u00fcr notwendig erachtet, kann auch die Gruppe, zu der der\/die Bel\u00e4stigende\/r\/n geh\u00f6rt\/geh\u00f6ren, ausgeschlossen werden, unabh\u00e4ngig davon, ob andere Personen innerhalb dieser Gruppe andere Personen bel\u00e4stigt haben. Der Mieter ist f\u00fcr das Verhalten seiner G\u00e4ste verantwortlich. Der Mieter hat im Falle des Ausschlusses keinen Anspruch auf Entsch\u00e4digung wegen Unannehmlichkeiten. Im Falle eines Ausschlusses muss der Mieter die Miete f\u00fcr das Loft bezahlen.<\/p>\n\n\n\n<h3 class=\"wp-block-heading\">Fotoshootings<\/h3>\n\n\n\n<p>\u201eNicht-kommerziell\u201c schlie\u00dft jeden Verkauf dieses Werks oder eines Teils davon gegen Geld aus, auch wenn der Verkauf nicht zu einem finanziellen Gewinn des Verk\u00e4ufers f\u00fchrt oder wenn der Verkauf durch eine gemeinn\u00fctzige Organisation oder NGO erfolgt. SPNKD \u00fcbertr\u00e4gt im Falle von nicht-kommerziellen Shootings nicht die kommerziellen Rechte am SPNKD-Loft.<\/p>\n\n\n\n<p>SPNKD \u00fcbertr\u00e4gt bei kommerziellen Aufnahmen die (kommerziellen) Rechte am SPNKD-Loft.<\/p>\n\n\n\n<p>SPNKD beh\u00e4lt sich das Recht vor, die Nutzung von Bildern abzulehnen, wenn diese (a) f\u00fcr einen ungesetzlichen Zweck verwendet werden; (b) andere zur Durchf\u00fchrung oder Teilnahme an ungesetzlichen Handlungen auffordern; (c) gegen internationale, bundesstaatliche, provinzielle oder staatliche Vorschriften, Regeln, Gesetze oder lokale Verordnungen versto\u00dfen; (d) unsere geistigen Eigentumsrechte oder die geistigen Eigentumsrechte anderer verletzen; (e) bel\u00e4stigen, missbrauchen, beleidigen, verletzen, diffamieren, verleumden, verunglimpfen, einsch\u00fcchtern oder aufgrund von Geschlecht, sexueller Orientierung, Religion, ethnischer Zugeh\u00f6rigkeit, Rasse, Alter, nationaler Herkunft oder Behinderung diskriminieren; (f) falsche oder irref\u00fchrende Informationen \u00fcbermitteln. Wir behalten uns das Recht vor, Ihre Nutzung der bei SPNKD aufgenommenen Bilder zu beenden, wenn Sie gegen eine der verbotenen Nutzungsarten versto\u00dfen.<\/p>\n\n\n\n<h3 class=\"wp-block-heading\">Zust\u00e4ndigkeitsbereich<\/h3>\n\n\n\n<p>Im unwahrscheinlichen Fall eines Rechtsstreits unterliegt dieser der Zust\u00e4ndigkeit des zust\u00e4ndigen Gerichts in Antwerpen.<\/p>\n\n\n\n<h3 class=\"wp-block-heading\">H\u00f6here Gewalt&nbsp;<\/h3>\n\n\n\n<p>Umst\u00e4nde, die SPNKD nicht verschuldet hat, die so beschaffen sind, dass die Einhaltung des Vertrages vern\u00fcnftigerweise nicht oder nicht in vollem Umfang verlangt werden kann (wie z.B. (i) extreme Witterung, (ii) Widerruf einer oder mehrerer Genehmigungen, (iii) Epidemien und Pandemien und von der Regierung aus diesem Grund angek\u00fcndigte staatliche Ma\u00dfnahmen und (iv) Staatstrauer), geben SPNKD das Recht, den Auftrag ganz oder teilweise aufzul\u00f6sen und\/oder seine Ausf\u00fchrung auszusetzen, ohne dass eine Verpflichtung zum Schadenersatz besteht. In diesem Fall beh\u00e4lt sich SPNKD das Recht auf R\u00fcckerstattung vor. SPNKD empfiehlt den Kunden und Hotelg\u00e4sten, sich gegen diese Risiken zu versichern. Eine Berufung auf den Abbruch durch den Kunden\/Gast aufgrund h\u00f6herer Gewalt ist ausgeschlossen. Die geltenden Stornobedingungen werden durch das Vorstehende nicht ber\u00fchrt.<\/p>\n\n\n\n<h2 class=\"wp-block-heading\">Stornierungs- und Umplanungsrichtlinien<\/h2>\n\n\n\n<h3 class=\"wp-block-heading\">Buchungen<\/h3>\n\n\n\n<p>Sie k\u00f6nnen Ihre Buchung bis zu 3 Tage vor Anreise umbuchen. Die Umbuchung kann auf der personalisierten G\u00e4steseite erfolgen, die mit Ihrer Buchung verkn\u00fcpft ist. Sie k\u00f6nnen nur auf ein freies Datum im SPNKD-Buchungskalender umbuchen.&nbsp;<\/p>\n\n\n\n<p>Sie k\u00f6nnen Ihre Buchung bis zu 20 Tage vor Anreise kostenlos stornieren.<\/p>\n\n\n\n<p>19-8 Tage vor Anreise werden 50 % des Buchungsbetrages in Rechnung gestellt.<\/p>\n\n\n\n<p>Bei\u00a0Stornierungen, die sp\u00e4ter\u00a0als 7 Tage vor der Ankunft erfolgen, werden 100% des Buchungsbetrags in Rechnung gestellt.<\/p>\n\n\n\n<p>Bei der Stornierung einer verschobenen Buchung wird das urspr\u00fcngliche Buchungsdatum ber\u00fccksichtigt.<\/p>\n\n\n\n<p>Bitte kontaktieren Sie uns per E-Mail, wenn Sie Ihre Buchung stornieren m\u00f6chten.<\/p>\n\n\n\n<p>Reinigungsgeb\u00fchren, Garantiekaution und andere optionale Bestellungen werden bei Stornierung vollst\u00e4ndig zur\u00fcckerstattet.<\/p>\n\n\n\n<h3 class=\"wp-block-heading\">Veranstaltungen<\/h3>\n\n\n\n<p>Sie k\u00f6nnen Ihre Anmeldung bis zu 11 Tage vor dem Veranstaltungstermin kostenlos stornieren oder verschieben.<\/p>\n\n\n\n<p>Bei Stornierungen, die sp\u00e4ter als 10 Tage vor der Veranstaltung erfolgen, werden 100 % des Ticketpreises berechnet, es sei denn, der freie Platz wird von einer anderen Person eingenommen.<\/p>\n","protected":false},"excerpt":{"rendered":"<p>Allgemeine Informationen zu Buchungen Wann Sie kommen und wann Sie gehen Wir werden Sie pers\u00f6nlich im SPNKD begr\u00fc\u00dfen. Daher bitten wir Sie, Ihre voraussichtliche Ankunftszeit per SMS. Bitte verlassen Sie das Loft vor der Check-out-Zeit. Wird das Zimmer erst sp\u00e4ter ger\u00e4umt, ist SPNKD berechtigt, die zus\u00e4tzliche Nutzung des Zimmers in H\u00f6he von 50 \u20ac pro [&hellip;]<\/p>\n","protected":false},"author":1,"featured_media":1447,"parent":0,"menu_order":5,"comment_status":"closed","ping_status":"open","template":"template_text.php","meta":{"_acf_changed":false,"footnotes":""},"class_list":["post-795","page","type-page","status-publish","has-post-thumbnail","hentry"],"acf":[],"yoast_head":"<!-- This site is optimized with the Yoast SEO plugin v27.4 - https:\/\/yoast.com\/product\/yoast-seo-wordpress\/ -->\n<title>Allgemeine Gesch\u00e4ftsbedingungen (AGB) - SPNKD<\/title>\n<meta name=\"description\" content=\"Allgemeine Informationen zu Buchungen Wann Sie kommen und wann Sie gehen Wir werden Sie pers\u00f6nlich im SPNKD begr\u00fc\u00dfen. Daher bitten wir Sie, Ihre\" \/>\n<meta name=\"robots\" content=\"noindex, follow\" \/>\n<meta property=\"og:locale\" content=\"de_DE\" \/>\n<meta property=\"og:type\" content=\"article\" \/>\n<meta property=\"og:title\" content=\"Allgemeine Gesch\u00e4ftsbedingungen (AGB) - SPNKD\" \/>\n<meta property=\"og:description\" content=\"Allgemeine Informationen zu Buchungen Wann Sie kommen und wann Sie gehen Wir werden Sie pers\u00f6nlich im SPNKD begr\u00fc\u00dfen. Daher bitten wir Sie, Ihre\" \/>\n<meta property=\"og:url\" content=\"https:\/\/spnkd.com\/de\/allgemeine-geschaeftsbedingungen-agb\/\" \/>\n<meta property=\"og:site_name\" content=\"SPNKD\" \/>\n<meta property=\"article:publisher\" content=\"https:\/\/www.facebook.com\/SPNKD.Antwerp\" \/>\n<meta property=\"article:modified_time\" content=\"2024-03-15T19:50:04+00:00\" \/>\n<meta property=\"og:image\" content=\"https:\/\/spnkd.com\/wp-content\/uploads\/2021\/04\/120-SPNKD-Anne-Kaere-Fotografie-22-e1623307402628.jpg\" \/>\n\t<meta property=\"og:image:width\" content=\"1366\" \/>\n\t<meta property=\"og:image:height\" content=\"911\" \/>\n\t<meta property=\"og:image:type\" content=\"image\/jpeg\" \/>\n<meta name=\"twitter:card\" content=\"summary_large_image\" \/>\n<meta name=\"twitter:site\" content=\"@SPNKD_Antwerp\" \/>\n<meta name=\"twitter:label1\" content=\"Gesch\u00e4tzte Lesezeit\" \/>\n\t<meta name=\"twitter:data1\" content=\"6 minutes\" \/>\n<script type=\"application\/ld+json\" class=\"yoast-schema-graph\">{\"@context\":\"https:\\\/\\\/schema.org\",\"@graph\":[{\"@type\":\"WebPage\",\"@id\":\"https:\\\/\\\/spnkd.com\\\/de\\\/allgemeine-geschaeftsbedingungen-agb\\\/\",\"url\":\"https:\\\/\\\/spnkd.com\\\/de\\\/allgemeine-geschaeftsbedingungen-agb\\\/\",\"name\":\"Allgemeine Gesch\u00e4ftsbedingungen (AGB) - SPNKD\",\"isPartOf\":{\"@id\":\"https:\\\/\\\/spnkd.com\\\/de\\\/#website\"},\"primaryImageOfPage\":{\"@id\":\"https:\\\/\\\/spnkd.com\\\/de\\\/allgemeine-geschaeftsbedingungen-agb\\\/#primaryimage\"},\"image\":{\"@id\":\"https:\\\/\\\/spnkd.com\\\/de\\\/allgemeine-geschaeftsbedingungen-agb\\\/#primaryimage\"},\"thumbnailUrl\":\"https:\\\/\\\/spnkd.com\\\/wp-content\\\/uploads\\\/2021\\\/04\\\/120-SPNKD-Anne-Kaere-Fotografie-22-e1623307402628.jpg\",\"datePublished\":\"2021-04-01T08:40:13+00:00\",\"dateModified\":\"2024-03-15T19:50:04+00:00\",\"description\":\"Allgemeine Informationen zu Buchungen Wann Sie kommen und wann Sie gehen Wir werden Sie pers\u00f6nlich im SPNKD begr\u00fc\u00dfen. Daher bitten wir Sie, Ihre\",\"breadcrumb\":{\"@id\":\"https:\\\/\\\/spnkd.com\\\/de\\\/allgemeine-geschaeftsbedingungen-agb\\\/#breadcrumb\"},\"inLanguage\":\"de-DE\",\"potentialAction\":[{\"@type\":\"ReadAction\",\"target\":[\"https:\\\/\\\/spnkd.com\\\/de\\\/allgemeine-geschaeftsbedingungen-agb\\\/\"]}]},{\"@type\":\"ImageObject\",\"inLanguage\":\"de-DE\",\"@id\":\"https:\\\/\\\/spnkd.com\\\/de\\\/allgemeine-geschaeftsbedingungen-agb\\\/#primaryimage\",\"url\":\"https:\\\/\\\/spnkd.com\\\/wp-content\\\/uploads\\\/2021\\\/04\\\/120-SPNKD-Anne-Kaere-Fotografie-22-e1623307402628.jpg\",\"contentUrl\":\"https:\\\/\\\/spnkd.com\\\/wp-content\\\/uploads\\\/2021\\\/04\\\/120-SPNKD-Anne-Kaere-Fotografie-22-e1623307402628.jpg\",\"width\":1366,\"height\":911},{\"@type\":\"BreadcrumbList\",\"@id\":\"https:\\\/\\\/spnkd.com\\\/de\\\/allgemeine-geschaeftsbedingungen-agb\\\/#breadcrumb\",\"itemListElement\":[{\"@type\":\"ListItem\",\"position\":1,\"name\":\"Home\",\"item\":\"https:\\\/\\\/spnkd.com\\\/de\\\/\"},{\"@type\":\"ListItem\",\"position\":2,\"name\":\"Allgemeine Gesch\u00e4ftsbedingungen (AGB)\"}]},{\"@type\":\"WebSite\",\"@id\":\"https:\\\/\\\/spnkd.com\\\/de\\\/#website\",\"url\":\"https:\\\/\\\/spnkd.com\\\/de\\\/\",\"name\":\"SPNKD\",\"description\":\"\",\"publisher\":{\"@id\":\"https:\\\/\\\/spnkd.com\\\/de\\\/#organization\"},\"potentialAction\":[{\"@type\":\"SearchAction\",\"target\":{\"@type\":\"EntryPoint\",\"urlTemplate\":\"https:\\\/\\\/spnkd.com\\\/de\\\/?s={search_term_string}\"},\"query-input\":{\"@type\":\"PropertyValueSpecification\",\"valueRequired\":true,\"valueName\":\"search_term_string\"}}],\"inLanguage\":\"de-DE\"},{\"@type\":\"Organization\",\"@id\":\"https:\\\/\\\/spnkd.com\\\/de\\\/#organization\",\"name\":\"SPNKD\",\"url\":\"https:\\\/\\\/spnkd.com\\\/de\\\/\",\"logo\":{\"@type\":\"ImageObject\",\"inLanguage\":\"de-DE\",\"@id\":\"https:\\\/\\\/spnkd.com\\\/de\\\/#\\\/schema\\\/logo\\\/image\\\/\",\"url\":\"https:\\\/\\\/spnkd.com\\\/wp-content\\\/uploads\\\/2021\\\/06\\\/cropped-favicon.png\",\"contentUrl\":\"https:\\\/\\\/spnkd.com\\\/wp-content\\\/uploads\\\/2021\\\/06\\\/cropped-favicon.png\",\"width\":512,\"height\":512,\"caption\":\"SPNKD\"},\"image\":{\"@id\":\"https:\\\/\\\/spnkd.com\\\/de\\\/#\\\/schema\\\/logo\\\/image\\\/\"},\"sameAs\":[\"https:\\\/\\\/www.facebook.com\\\/SPNKD.Antwerp\",\"https:\\\/\\\/x.com\\\/SPNKD_Antwerp\",\"https:\\\/\\\/www.instagram.com\\\/spnkd\\\/\"]}]}<\/script>\n<!-- \/ Yoast SEO plugin. -->","yoast_head_json":{"title":"Allgemeine Gesch\u00e4ftsbedingungen (AGB) - SPNKD","description":"Allgemeine Informationen zu Buchungen Wann Sie kommen und wann Sie gehen Wir werden Sie pers\u00f6nlich im SPNKD begr\u00fc\u00dfen. Daher bitten wir Sie, Ihre","robots":{"index":"noindex","follow":"follow"},"og_locale":"de_DE","og_type":"article","og_title":"Allgemeine Gesch\u00e4ftsbedingungen (AGB) - SPNKD","og_description":"Allgemeine Informationen zu Buchungen Wann Sie kommen und wann Sie gehen Wir werden Sie pers\u00f6nlich im SPNKD begr\u00fc\u00dfen. Daher bitten wir Sie, Ihre","og_url":"https:\/\/spnkd.com\/de\/allgemeine-geschaeftsbedingungen-agb\/","og_site_name":"SPNKD","article_publisher":"https:\/\/www.facebook.com\/SPNKD.Antwerp","article_modified_time":"2024-03-15T19:50:04+00:00","og_image":[{"width":1366,"height":911,"url":"https:\/\/spnkd.com\/wp-content\/uploads\/2021\/04\/120-SPNKD-Anne-Kaere-Fotografie-22-e1623307402628.jpg","type":"image\/jpeg"}],"twitter_card":"summary_large_image","twitter_site":"@SPNKD_Antwerp","twitter_misc":{"Gesch\u00e4tzte Lesezeit":"6 minutes"},"schema":{"@context":"https:\/\/schema.org","@graph":[{"@type":"WebPage","@id":"https:\/\/spnkd.com\/de\/allgemeine-geschaeftsbedingungen-agb\/","url":"https:\/\/spnkd.com\/de\/allgemeine-geschaeftsbedingungen-agb\/","name":"Allgemeine Gesch\u00e4ftsbedingungen (AGB) - SPNKD","isPartOf":{"@id":"https:\/\/spnkd.com\/de\/#website"},"primaryImageOfPage":{"@id":"https:\/\/spnkd.com\/de\/allgemeine-geschaeftsbedingungen-agb\/#primaryimage"},"image":{"@id":"https:\/\/spnkd.com\/de\/allgemeine-geschaeftsbedingungen-agb\/#primaryimage"},"thumbnailUrl":"https:\/\/spnkd.com\/wp-content\/uploads\/2021\/04\/120-SPNKD-Anne-Kaere-Fotografie-22-e1623307402628.jpg","datePublished":"2021-04-01T08:40:13+00:00","dateModified":"2024-03-15T19:50:04+00:00","description":"Allgemeine Informationen zu Buchungen Wann Sie kommen und wann Sie gehen Wir werden Sie pers\u00f6nlich im SPNKD begr\u00fc\u00dfen. Daher bitten wir Sie, Ihre","breadcrumb":{"@id":"https:\/\/spnkd.com\/de\/allgemeine-geschaeftsbedingungen-agb\/#breadcrumb"},"inLanguage":"de-DE","potentialAction":[{"@type":"ReadAction","target":["https:\/\/spnkd.com\/de\/allgemeine-geschaeftsbedingungen-agb\/"]}]},{"@type":"ImageObject","inLanguage":"de-DE","@id":"https:\/\/spnkd.com\/de\/allgemeine-geschaeftsbedingungen-agb\/#primaryimage","url":"https:\/\/spnkd.com\/wp-content\/uploads\/2021\/04\/120-SPNKD-Anne-Kaere-Fotografie-22-e1623307402628.jpg","contentUrl":"https:\/\/spnkd.com\/wp-content\/uploads\/2021\/04\/120-SPNKD-Anne-Kaere-Fotografie-22-e1623307402628.jpg","width":1366,"height":911},{"@type":"BreadcrumbList","@id":"https:\/\/spnkd.com\/de\/allgemeine-geschaeftsbedingungen-agb\/#breadcrumb","itemListElement":[{"@type":"ListItem","position":1,"name":"Home","item":"https:\/\/spnkd.com\/de\/"},{"@type":"ListItem","position":2,"name":"Allgemeine Gesch\u00e4ftsbedingungen (AGB)"}]},{"@type":"WebSite","@id":"https:\/\/spnkd.com\/de\/#website","url":"https:\/\/spnkd.com\/de\/","name":"SPNKD","description":"","publisher":{"@id":"https:\/\/spnkd.com\/de\/#organization"},"potentialAction":[{"@type":"SearchAction","target":{"@type":"EntryPoint","urlTemplate":"https:\/\/spnkd.com\/de\/?s={search_term_string}"},"query-input":{"@type":"PropertyValueSpecification","valueRequired":true,"valueName":"search_term_string"}}],"inLanguage":"de-DE"},{"@type":"Organization","@id":"https:\/\/spnkd.com\/de\/#organization","name":"SPNKD","url":"https:\/\/spnkd.com\/de\/","logo":{"@type":"ImageObject","inLanguage":"de-DE","@id":"https:\/\/spnkd.com\/de\/#\/schema\/logo\/image\/","url":"https:\/\/spnkd.com\/wp-content\/uploads\/2021\/06\/cropped-favicon.png","contentUrl":"https:\/\/spnkd.com\/wp-content\/uploads\/2021\/06\/cropped-favicon.png","width":512,"height":512,"caption":"SPNKD"},"image":{"@id":"https:\/\/spnkd.com\/de\/#\/schema\/logo\/image\/"},"sameAs":["https:\/\/www.facebook.com\/SPNKD.Antwerp","https:\/\/x.com\/SPNKD_Antwerp","https:\/\/www.instagram.com\/spnkd\/"]}]}},"_links":{"self":[{"href":"https:\/\/spnkd.com\/de\/wp-json\/wp\/v2\/pages\/795","targetHints":{"allow":["GET"]}}],"collection":[{"href":"https:\/\/spnkd.com\/de\/wp-json\/wp\/v2\/pages"}],"about":[{"href":"https:\/\/spnkd.com\/de\/wp-json\/wp\/v2\/types\/page"}],"author":[{"embeddable":true,"href":"https:\/\/spnkd.com\/de\/wp-json\/wp\/v2\/users\/1"}],"replies":[{"embeddable":true,"href":"https:\/\/spnkd.com\/de\/wp-json\/wp\/v2\/comments?post=795"}],"version-history":[{"count":5,"href":"https:\/\/spnkd.com\/de\/wp-json\/wp\/v2\/pages\/795\/revisions"}],"predecessor-version":[{"id":8955,"href":"https:\/\/spnkd.com\/de\/wp-json\/wp\/v2\/pages\/795\/revisions\/8955"}],"wp:featuredmedia":[{"embeddable":true,"href":"https:\/\/spnkd.com\/de\/wp-json\/wp\/v2\/media\/1447"}],"wp:attachment":[{"href":"https:\/\/spnkd.com\/de\/wp-json\/wp\/v2\/media?parent=795"}],"curies":[{"name":"wp","href":"https:\/\/api.w.org\/{rel}","templated":true}]}}