{"id":785,"date":"2021-01-06T16:44:15","date_gmt":"2021-01-06T16:44:15","guid":{"rendered":"https:\/\/spnkd.com\/lofts\/london\/"},"modified":"2021-06-24T13:41:59","modified_gmt":"2021-06-24T13:41:59","slug":"weitere-lofts","status":"publish","type":"page","link":"https:\/\/spnkd.com\/de\/lofts\/weitere-lofts\/","title":{"rendered":"weitere Lofts"},"content":{"rendered":"\n<h1 class=\"wp-block-heading\"><strong><strong>Es verlangt Ihnen nach SPNKD in Ihrer Stadt?<\/strong>&nbsp;<\/strong><\/h1>\n\n\n\n<p>Wo soll SPNKD als N\u00e4chstes er\u00f6ffnen? Vielleicht haben Sie die perfekte Location im Kopf oder sind interessiert an einer Partnerschaft f\u00fcr unser n\u00e4chstes Loft.&nbsp;<\/p>\n\n\n\n<p>Beim Gesch\u00e4ft ist es wie mit der Liebe: Wir sind offen f\u00fcr neue Ideen, M\u00f6glichkeiten und den k\u00f6stlichen Kick eines neuen Projekts.&nbsp;<\/p>\n\n\n\n<p>Sie haben unsere Aufmerksamkeit. Erz\u00e4hlen Sie uns mehr.<\/p>\n\n\n\n<p><a data-type=\"page\" data-id=\"20\" href=\"https:\/\/spnkd.com\/de\/contact\/\">Kontaktieren Sie uns<\/a><\/p>\n","protected":false},"excerpt":{"rendered":"<p>Es verlangt Ihnen nach SPNKD in Ihrer Stadt?&nbsp; Wo soll SPNKD als N\u00e4chstes er\u00f6ffnen? Vielleicht haben Sie die perfekte Location im Kopf oder sind interessiert an einer Partnerschaft f\u00fcr unser n\u00e4chstes Loft.&nbsp; Beim Gesch\u00e4ft ist es wie mit der Liebe: Wir sind offen f\u00fcr neue Ideen, M\u00f6glichkeiten und den k\u00f6stlichen Kick eines neuen Projekts.&nbsp; Sie [&hellip;]<\/p>\n","protected":false},"author":1,"featured_media":656,"parent":782,"menu_order":3,"comment_status":"closed","ping_status":"closed","template":"template_loftsSingle.php","meta":{"_acf_changed":false,"footnotes":""},"class_list":["post-785","page","type-page","status-publish","has-post-thumbnail","hentry"],"acf":[],"yoast_head":"<!-- This site is optimized with the Yoast SEO plugin v27.6 - https:\/\/yoast.com\/product\/yoast-seo-wordpress\/ -->\n<title>weitere Lofts - SPNKD<\/title>\n<meta name=\"description\" content=\"Wo soll SPNKD als N\u00e4chstes er\u00f6ffnen? Vielleicht haben Sie die perfekte Location im Kopf oder sind interessiert an einer Partnerschaft f\u00fcr unser n\u00e4chstes Loft.\" \/>\n<meta name=\"robots\" content=\"index, follow, max-snippet:-1, max-image-preview:large, max-video-preview:-1\" \/>\n<link rel=\"canonical\" href=\"https:\/\/spnkd.com\/de\/lofts\/weitere-lofts\/\" \/>\n<meta property=\"og:locale\" content=\"de_DE\" \/>\n<meta property=\"og:type\" content=\"article\" \/>\n<meta property=\"og:title\" content=\"weitere Lofts - SPNKD\" \/>\n<meta property=\"og:description\" content=\"Wo soll SPNKD als N\u00e4chstes er\u00f6ffnen? Vielleicht haben Sie die perfekte Location im Kopf oder sind interessiert an einer Partnerschaft f\u00fcr unser n\u00e4chstes Loft.\" \/>\n<meta property=\"og:url\" content=\"https:\/\/spnkd.com\/de\/lofts\/weitere-lofts\/\" \/>\n<meta property=\"og:site_name\" content=\"SPNKD\" \/>\n<meta property=\"article:publisher\" content=\"https:\/\/www.facebook.com\/SPNKD.Antwerp\" \/>\n<meta property=\"article:modified_time\" content=\"2021-06-24T13:41:59+00:00\" \/>\n<meta property=\"og:image\" content=\"https:\/\/spnkd.com\/wp-content\/uploads\/2021\/03\/172-SPNKD-Anne-Kaere-Fotografie-88-e1615969241951.jpg\" \/>\n\t<meta property=\"og:image:width\" content=\"1366\" \/>\n\t<meta property=\"og:image:height\" content=\"1573\" \/>\n\t<meta property=\"og:image:type\" content=\"image\/jpeg\" \/>\n<meta name=\"twitter:card\" content=\"summary_large_image\" \/>\n<meta name=\"twitter:site\" content=\"@SPNKD_Antwerp\" \/>\n<meta name=\"twitter:label1\" content=\"Gesch\u00e4tzte Lesezeit\" \/>\n\t<meta name=\"twitter:data1\" content=\"1 minute\" \/>\n<script type=\"application\/ld+json\" class=\"yoast-schema-graph\">{\"@context\":\"https:\\\/\\\/schema.org\",\"@graph\":[{\"@type\":\"WebPage\",\"@id\":\"https:\\\/\\\/spnkd.com\\\/de\\\/lofts\\\/weitere-lofts\\\/\",\"url\":\"https:\\\/\\\/spnkd.com\\\/de\\\/lofts\\\/weitere-lofts\\\/\",\"name\":\"weitere Lofts - SPNKD\",\"isPartOf\":{\"@id\":\"https:\\\/\\\/spnkd.com\\\/de\\\/#website\"},\"primaryImageOfPage\":{\"@id\":\"https:\\\/\\\/spnkd.com\\\/de\\\/lofts\\\/weitere-lofts\\\/#primaryimage\"},\"image\":{\"@id\":\"https:\\\/\\\/spnkd.com\\\/de\\\/lofts\\\/weitere-lofts\\\/#primaryimage\"},\"thumbnailUrl\":\"https:\\\/\\\/spnkd.com\\\/wp-content\\\/uploads\\\/2021\\\/03\\\/172-SPNKD-Anne-Kaere-Fotografie-88-e1615969241951.jpg\",\"datePublished\":\"2021-01-06T16:44:15+00:00\",\"dateModified\":\"2021-06-24T13:41:59+00:00\",\"description\":\"Wo soll SPNKD als N\u00e4chstes er\u00f6ffnen? Vielleicht haben Sie die perfekte Location im Kopf oder sind interessiert an einer Partnerschaft f\u00fcr unser n\u00e4chstes Loft.\",\"breadcrumb\":{\"@id\":\"https:\\\/\\\/spnkd.com\\\/de\\\/lofts\\\/weitere-lofts\\\/#breadcrumb\"},\"inLanguage\":\"de-DE\",\"potentialAction\":[{\"@type\":\"ReadAction\",\"target\":[\"https:\\\/\\\/spnkd.com\\\/de\\\/lofts\\\/weitere-lofts\\\/\"]}]},{\"@type\":\"ImageObject\",\"inLanguage\":\"de-DE\",\"@id\":\"https:\\\/\\\/spnkd.com\\\/de\\\/lofts\\\/weitere-lofts\\\/#primaryimage\",\"url\":\"https:\\\/\\\/spnkd.com\\\/wp-content\\\/uploads\\\/2021\\\/03\\\/172-SPNKD-Anne-Kaere-Fotografie-88-e1615969241951.jpg\",\"contentUrl\":\"https:\\\/\\\/spnkd.com\\\/wp-content\\\/uploads\\\/2021\\\/03\\\/172-SPNKD-Anne-Kaere-Fotografie-88-e1615969241951.jpg\",\"width\":1366,\"height\":1573},{\"@type\":\"BreadcrumbList\",\"@id\":\"https:\\\/\\\/spnkd.com\\\/de\\\/lofts\\\/weitere-lofts\\\/#breadcrumb\",\"itemListElement\":[{\"@type\":\"ListItem\",\"position\":1,\"name\":\"Home\",\"item\":\"https:\\\/\\\/spnkd.com\\\/de\\\/\"},{\"@type\":\"ListItem\",\"position\":2,\"name\":\"Lofts\",\"item\":\"https:\\\/\\\/spnkd.com\\\/de\\\/lofts\\\/\"},{\"@type\":\"ListItem\",\"position\":3,\"name\":\"weitere Lofts\"}]},{\"@type\":\"WebSite\",\"@id\":\"https:\\\/\\\/spnkd.com\\\/de\\\/#website\",\"url\":\"https:\\\/\\\/spnkd.com\\\/de\\\/\",\"name\":\"SPNKD\",\"description\":\"\",\"publisher\":{\"@id\":\"https:\\\/\\\/spnkd.com\\\/de\\\/#organization\"},\"potentialAction\":[{\"@type\":\"SearchAction\",\"target\":{\"@type\":\"EntryPoint\",\"urlTemplate\":\"https:\\\/\\\/spnkd.com\\\/de\\\/?s={search_term_string}\"},\"query-input\":{\"@type\":\"PropertyValueSpecification\",\"valueRequired\":true,\"valueName\":\"search_term_string\"}}],\"inLanguage\":\"de-DE\"},{\"@type\":\"Organization\",\"@id\":\"https:\\\/\\\/spnkd.com\\\/de\\\/#organization\",\"name\":\"SPNKD\",\"url\":\"https:\\\/\\\/spnkd.com\\\/de\\\/\",\"logo\":{\"@type\":\"ImageObject\",\"inLanguage\":\"de-DE\",\"@id\":\"https:\\\/\\\/spnkd.com\\\/de\\\/#\\\/schema\\\/logo\\\/image\\\/\",\"url\":\"https:\\\/\\\/spnkd.com\\\/wp-content\\\/uploads\\\/2021\\\/06\\\/cropped-favicon.png\",\"contentUrl\":\"https:\\\/\\\/spnkd.com\\\/wp-content\\\/uploads\\\/2021\\\/06\\\/cropped-favicon.png\",\"width\":512,\"height\":512,\"caption\":\"SPNKD\"},\"image\":{\"@id\":\"https:\\\/\\\/spnkd.com\\\/de\\\/#\\\/schema\\\/logo\\\/image\\\/\"},\"sameAs\":[\"https:\\\/\\\/www.facebook.com\\\/SPNKD.Antwerp\",\"https:\\\/\\\/x.com\\\/SPNKD_Antwerp\",\"https:\\\/\\\/www.instagram.com\\\/spnkd\\\/\"]}]}<\/script>\n<!-- \/ Yoast SEO plugin. -->","yoast_head_json":{"title":"weitere Lofts - SPNKD","description":"Wo soll SPNKD als N\u00e4chstes er\u00f6ffnen? Vielleicht haben Sie die perfekte Location im Kopf oder sind interessiert an einer Partnerschaft f\u00fcr unser n\u00e4chstes Loft.","robots":{"index":"index","follow":"follow","max-snippet":"max-snippet:-1","max-image-preview":"max-image-preview:large","max-video-preview":"max-video-preview:-1"},"canonical":"https:\/\/spnkd.com\/de\/lofts\/weitere-lofts\/","og_locale":"de_DE","og_type":"article","og_title":"weitere Lofts - SPNKD","og_description":"Wo soll SPNKD als N\u00e4chstes er\u00f6ffnen? Vielleicht haben Sie die perfekte Location im Kopf oder sind interessiert an einer Partnerschaft f\u00fcr unser n\u00e4chstes Loft.","og_url":"https:\/\/spnkd.com\/de\/lofts\/weitere-lofts\/","og_site_name":"SPNKD","article_publisher":"https:\/\/www.facebook.com\/SPNKD.Antwerp","article_modified_time":"2021-06-24T13:41:59+00:00","og_image":[{"width":1366,"height":1573,"url":"https:\/\/spnkd.com\/wp-content\/uploads\/2021\/03\/172-SPNKD-Anne-Kaere-Fotografie-88-e1615969241951.jpg","type":"image\/jpeg"}],"twitter_card":"summary_large_image","twitter_site":"@SPNKD_Antwerp","twitter_misc":{"Gesch\u00e4tzte Lesezeit":"1 minute"},"schema":{"@context":"https:\/\/schema.org","@graph":[{"@type":"WebPage","@id":"https:\/\/spnkd.com\/de\/lofts\/weitere-lofts\/","url":"https:\/\/spnkd.com\/de\/lofts\/weitere-lofts\/","name":"weitere Lofts - SPNKD","isPartOf":{"@id":"https:\/\/spnkd.com\/de\/#website"},"primaryImageOfPage":{"@id":"https:\/\/spnkd.com\/de\/lofts\/weitere-lofts\/#primaryimage"},"image":{"@id":"https:\/\/spnkd.com\/de\/lofts\/weitere-lofts\/#primaryimage"},"thumbnailUrl":"https:\/\/spnkd.com\/wp-content\/uploads\/2021\/03\/172-SPNKD-Anne-Kaere-Fotografie-88-e1615969241951.jpg","datePublished":"2021-01-06T16:44:15+00:00","dateModified":"2021-06-24T13:41:59+00:00","description":"Wo soll SPNKD als N\u00e4chstes er\u00f6ffnen? Vielleicht haben Sie die perfekte Location im Kopf oder sind interessiert an einer Partnerschaft f\u00fcr unser n\u00e4chstes Loft.","breadcrumb":{"@id":"https:\/\/spnkd.com\/de\/lofts\/weitere-lofts\/#breadcrumb"},"inLanguage":"de-DE","potentialAction":[{"@type":"ReadAction","target":["https:\/\/spnkd.com\/de\/lofts\/weitere-lofts\/"]}]},{"@type":"ImageObject","inLanguage":"de-DE","@id":"https:\/\/spnkd.com\/de\/lofts\/weitere-lofts\/#primaryimage","url":"https:\/\/spnkd.com\/wp-content\/uploads\/2021\/03\/172-SPNKD-Anne-Kaere-Fotografie-88-e1615969241951.jpg","contentUrl":"https:\/\/spnkd.com\/wp-content\/uploads\/2021\/03\/172-SPNKD-Anne-Kaere-Fotografie-88-e1615969241951.jpg","width":1366,"height":1573},{"@type":"BreadcrumbList","@id":"https:\/\/spnkd.com\/de\/lofts\/weitere-lofts\/#breadcrumb","itemListElement":[{"@type":"ListItem","position":1,"name":"Home","item":"https:\/\/spnkd.com\/de\/"},{"@type":"ListItem","position":2,"name":"Lofts","item":"https:\/\/spnkd.com\/de\/lofts\/"},{"@type":"ListItem","position":3,"name":"weitere Lofts"}]},{"@type":"WebSite","@id":"https:\/\/spnkd.com\/de\/#website","url":"https:\/\/spnkd.com\/de\/","name":"SPNKD","description":"","publisher":{"@id":"https:\/\/spnkd.com\/de\/#organization"},"potentialAction":[{"@type":"SearchAction","target":{"@type":"EntryPoint","urlTemplate":"https:\/\/spnkd.com\/de\/?s={search_term_string}"},"query-input":{"@type":"PropertyValueSpecification","valueRequired":true,"valueName":"search_term_string"}}],"inLanguage":"de-DE"},{"@type":"Organization","@id":"https:\/\/spnkd.com\/de\/#organization","name":"SPNKD","url":"https:\/\/spnkd.com\/de\/","logo":{"@type":"ImageObject","inLanguage":"de-DE","@id":"https:\/\/spnkd.com\/de\/#\/schema\/logo\/image\/","url":"https:\/\/spnkd.com\/wp-content\/uploads\/2021\/06\/cropped-favicon.png","contentUrl":"https:\/\/spnkd.com\/wp-content\/uploads\/2021\/06\/cropped-favicon.png","width":512,"height":512,"caption":"SPNKD"},"image":{"@id":"https:\/\/spnkd.com\/de\/#\/schema\/logo\/image\/"},"sameAs":["https:\/\/www.facebook.com\/SPNKD.Antwerp","https:\/\/x.com\/SPNKD_Antwerp","https:\/\/www.instagram.com\/spnkd\/"]}]}},"_links":{"self":[{"href":"https:\/\/spnkd.com\/de\/wp-json\/wp\/v2\/pages\/785","targetHints":{"allow":["GET"]}}],"collection":[{"href":"https:\/\/spnkd.com\/de\/wp-json\/wp\/v2\/pages"}],"about":[{"href":"https:\/\/spnkd.com\/de\/wp-json\/wp\/v2\/types\/page"}],"author":[{"embeddable":true,"href":"https:\/\/spnkd.com\/de\/wp-json\/wp\/v2\/users\/1"}],"replies":[{"embeddable":true,"href":"https:\/\/spnkd.com\/de\/wp-json\/wp\/v2\/comments?post=785"}],"version-history":[{"count":5,"href":"https:\/\/spnkd.com\/de\/wp-json\/wp\/v2\/pages\/785\/revisions"}],"predecessor-version":[{"id":2338,"href":"https:\/\/spnkd.com\/de\/wp-json\/wp\/v2\/pages\/785\/revisions\/2338"}],"up":[{"embeddable":true,"href":"https:\/\/spnkd.com\/de\/wp-json\/wp\/v2\/pages\/782"}],"wp:featuredmedia":[{"embeddable":true,"href":"https:\/\/spnkd.com\/de\/wp-json\/wp\/v2\/media\/656"}],"wp:attachment":[{"href":"https:\/\/spnkd.com\/de\/wp-json\/wp\/v2\/media?parent=785"}],"curies":[{"name":"wp","href":"https:\/\/api.w.org\/{rel}","templated":true}]}}